{"id":13679,"date":"2025-01-19T14:33:06","date_gmt":"2025-01-19T14:33:06","guid":{"rendered":"https:\/\/joygfbakery.com\/?post_type=product&#038;p=13679"},"modified":"2025-03-30T15:55:45","modified_gmt":"2025-03-30T15:55:45","slug":"nouveau-gateau-caprese","status":"publish","type":"product","link":"https:\/\/joygfbakery.com\/fr\/product\/nouveau-gateau-caprese\/","title":{"rendered":"G\u00e2teau Caprese"},"content":{"rendered":"<p>Ce g\u00e2teau est un classique des meilleures p\u00e2tisseries de l&rsquo;\u00eele de Capri.<\/p>\n<p>Il est compos\u00e9 uniquement de chocolat, d&rsquo;amandes, d&rsquo;\u0153ufs, de beurre v\u00e9g\u00e9tal et de sucre, et parfum\u00e9 au zeste d&rsquo;orange ; avec son c\u0153ur tendre, il fond dans la bouche, et vous ramenant aux vacances d&rsquo;\u00e9t\u00e9 en tongs et lunettes de soleil dans la belle Campanie !<\/p>\n","protected":false},"excerpt":{"rendered":"<p>Ce g\u00e2teau est un classique des meilleures p\u00e2tisseries de l&rsquo;\u00eele de Capri.<\/p>\n<p>Il est compos\u00e9 uniquement de chocolat, d&rsquo;amandes, d&rsquo;\u0153ufs, de beurre v\u00e9g\u00e9tal et de sucre, et parfum\u00e9 au zeste d&rsquo;orange ; avec son c\u0153ur tendre, il fond dans la bouche, et vous ramenant aux vacances d&rsquo;\u00e9t\u00e9 en tongs et lunettes de soleil dans la belle Campanie !<\/p>\n","protected":false},"featured_media":13645,"template":"","meta":[],"product_cat":[159],"product_tag":[203],"class_list":{"0":"post-13679","1":"product","2":"type-product","3":"status-publish","4":"has-post-thumbnail","6":"product_cat-gateaux","7":"product_tag-sans-lactose-sans-proteines-de-lait","9":"first","10":"instock","11":"taxable","12":"shipping-taxable","13":"product-type-variable"},"yoast_head":"<!-- This site is optimized with the Yoast SEO plugin v24.6 - https:\/\/yoast.com\/wordpress\/plugins\/seo\/ -->\n<title>G\u00e2teau Caprese - darkoct02<\/title>\n<meta name=\"robots\" content=\"index, follow, max-snippet:-1, max-image-preview:large, max-video-preview:-1\" \/>\n<link rel=\"canonical\" href=\"https:\/\/joygfbakery.com\/fr\/product\/nouveau-gateau-caprese\/\" \/>\n<meta property=\"og:locale\" content=\"fr_FR\" \/>\n<meta property=\"og:type\" content=\"article\" \/>\n<meta property=\"og:title\" content=\"G\u00e2teau Caprese - darkoct02\" \/>\n<meta property=\"og:description\" content=\"Ce g\u00e2teau est un classique des meilleures p\u00e2tisseries de l&#039;\u00eele de Capri.  Il est compos\u00e9 uniquement de chocolat, d&#039;amandes, d&#039;\u0153ufs, de beurre v\u00e9g\u00e9tal et de sucre, et parfum\u00e9 au zeste d&#039;orange ; avec son c\u0153ur tendre, il fond dans la bouche, et vous ramenant aux vacances d&#039;\u00e9t\u00e9 en tongs et lunettes de soleil dans la belle Campanie !\" \/>\n<meta property=\"og:url\" content=\"https:\/\/joygfbakery.com\/fr\/product\/nouveau-gateau-caprese\/\" \/>\n<meta property=\"og:site_name\" content=\"darkoct02\" \/>\n<meta property=\"article:modified_time\" content=\"2025-03-30T15:55:45+00:00\" \/>\n<meta property=\"og:image\" content=\"https:\/\/joygfbakery.com\/wp-content\/uploads\/2025\/01\/P1030301-scaled.jpg\" \/>\n\t<meta property=\"og:image:width\" content=\"2560\" \/>\n\t<meta property=\"og:image:height\" content=\"2560\" \/>\n\t<meta property=\"og:image:type\" content=\"image\/jpeg\" \/>\n<meta name=\"twitter:card\" content=\"summary_large_image\" \/>\n<meta name=\"twitter:label1\" content=\"Dur\u00e9e de lecture estim\u00e9e\" \/>\n\t<meta name=\"twitter:data1\" content=\"1 minute\" \/>\n<script type=\"application\/ld+json\" class=\"yoast-schema-graph\">{\"@context\":\"https:\/\/schema.org\",\"@graph\":[{\"@type\":\"WebPage\",\"@id\":\"https:\/\/joygfbakery.com\/fr\/product\/nouveau-gateau-caprese\/\",\"url\":\"https:\/\/joygfbakery.com\/fr\/product\/nouveau-gateau-caprese\/\",\"name\":\"G\u00e2teau Caprese - darkoct02\",\"isPartOf\":{\"@id\":\"https:\/\/joygfbakery.com\/#website\"},\"primaryImageOfPage\":{\"@id\":\"https:\/\/joygfbakery.com\/fr\/product\/nouveau-gateau-caprese\/#primaryimage\"},\"image\":{\"@id\":\"https:\/\/joygfbakery.com\/fr\/product\/nouveau-gateau-caprese\/#primaryimage\"},\"thumbnailUrl\":\"https:\/\/joygfbakery.com\/wp-content\/uploads\/2025\/01\/P1030301-scaled.jpg\",\"datePublished\":\"2025-01-19T14:33:06+00:00\",\"dateModified\":\"2025-03-30T15:55:45+00:00\",\"breadcrumb\":{\"@id\":\"https:\/\/joygfbakery.com\/fr\/product\/nouveau-gateau-caprese\/#breadcrumb\"},\"inLanguage\":\"fr-FR\",\"potentialAction\":[{\"@type\":\"ReadAction\",\"target\":[\"https:\/\/joygfbakery.com\/fr\/product\/nouveau-gateau-caprese\/\"]}]},{\"@type\":\"ImageObject\",\"inLanguage\":\"fr-FR\",\"@id\":\"https:\/\/joygfbakery.com\/fr\/product\/nouveau-gateau-caprese\/#primaryimage\",\"url\":\"https:\/\/joygfbakery.com\/wp-content\/uploads\/2025\/01\/P1030301-scaled.jpg\",\"contentUrl\":\"https:\/\/joygfbakery.com\/wp-content\/uploads\/2025\/01\/P1030301-scaled.jpg\",\"width\":2560,\"height\":2560},{\"@type\":\"BreadcrumbList\",\"@id\":\"https:\/\/joygfbakery.com\/fr\/product\/nouveau-gateau-caprese\/#breadcrumb\",\"itemListElement\":[{\"@type\":\"ListItem\",\"position\":1,\"name\":\"Home\",\"item\":\"https:\/\/joygfbakery.com\/\"},{\"@type\":\"ListItem\",\"position\":2,\"name\":\"Boutique\",\"item\":\"https:\/\/joygfbakery.com\/fr\/boutique\/\"},{\"@type\":\"ListItem\",\"position\":3,\"name\":\"G\u00e2teau Caprese\"}]},{\"@type\":\"WebSite\",\"@id\":\"https:\/\/joygfbakery.com\/#website\",\"url\":\"https:\/\/joygfbakery.com\/\",\"name\":\"Joy Glutenfree Bakery\",\"description\":\"Artisanal, Gluten free, Lactose free &amp; Vegan Friendly\",\"publisher\":{\"@id\":\"https:\/\/joygfbakery.com\/#organization\"},\"potentialAction\":[{\"@type\":\"SearchAction\",\"target\":{\"@type\":\"EntryPoint\",\"urlTemplate\":\"https:\/\/joygfbakery.com\/?s={search_term_string}\"},\"query-input\":{\"@type\":\"PropertyValueSpecification\",\"valueRequired\":true,\"valueName\":\"search_term_string\"}}],\"inLanguage\":\"fr-FR\"},{\"@type\":\"Organization\",\"@id\":\"https:\/\/joygfbakery.com\/#organization\",\"name\":\"Joy Glutenfree Bakery\",\"url\":\"https:\/\/joygfbakery.com\/\",\"logo\":{\"@type\":\"ImageObject\",\"inLanguage\":\"fr-FR\",\"@id\":\"https:\/\/joygfbakery.com\/#\/schema\/logo\/image\/\",\"url\":\"https:\/\/joygfbakery.com\/wp-content\/uploads\/2024\/10\/cropped-LOGO-JOY-BAKERY.png\",\"contentUrl\":\"https:\/\/joygfbakery.com\/wp-content\/uploads\/2024\/10\/cropped-LOGO-JOY-BAKERY.png\",\"width\":999,\"height\":999,\"caption\":\"Joy Glutenfree Bakery\"},\"image\":{\"@id\":\"https:\/\/joygfbakery.com\/#\/schema\/logo\/image\/\"}}]}<\/script>\n<!-- \/ Yoast SEO plugin. -->","yoast_head_json":{"title":"G\u00e2teau Caprese - darkoct02","robots":{"index":"index","follow":"follow","max-snippet":"max-snippet:-1","max-image-preview":"max-image-preview:large","max-video-preview":"max-video-preview:-1"},"canonical":"https:\/\/joygfbakery.com\/fr\/product\/nouveau-gateau-caprese\/","og_locale":"fr_FR","og_type":"article","og_title":"G\u00e2teau Caprese - darkoct02","og_description":"Ce g\u00e2teau est un classique des meilleures p\u00e2tisseries de l'\u00eele de Capri.  Il est compos\u00e9 uniquement de chocolat, d'amandes, d'\u0153ufs, de beurre v\u00e9g\u00e9tal et de sucre, et parfum\u00e9 au zeste d'orange ; avec son c\u0153ur tendre, il fond dans la bouche, et vous ramenant aux vacances d'\u00e9t\u00e9 en tongs et lunettes de soleil dans la belle Campanie !","og_url":"https:\/\/joygfbakery.com\/fr\/product\/nouveau-gateau-caprese\/","og_site_name":"darkoct02","article_modified_time":"2025-03-30T15:55:45+00:00","og_image":[{"width":2560,"height":2560,"url":"https:\/\/joygfbakery.com\/wp-content\/uploads\/2025\/01\/P1030301-scaled.jpg","type":"image\/jpeg"}],"twitter_card":"summary_large_image","twitter_misc":{"Dur\u00e9e de lecture estim\u00e9e":"1 minute"},"schema":{"@context":"https:\/\/schema.org","@graph":[{"@type":"WebPage","@id":"https:\/\/joygfbakery.com\/fr\/product\/nouveau-gateau-caprese\/","url":"https:\/\/joygfbakery.com\/fr\/product\/nouveau-gateau-caprese\/","name":"G\u00e2teau Caprese - darkoct02","isPartOf":{"@id":"https:\/\/joygfbakery.com\/#website"},"primaryImageOfPage":{"@id":"https:\/\/joygfbakery.com\/fr\/product\/nouveau-gateau-caprese\/#primaryimage"},"image":{"@id":"https:\/\/joygfbakery.com\/fr\/product\/nouveau-gateau-caprese\/#primaryimage"},"thumbnailUrl":"https:\/\/joygfbakery.com\/wp-content\/uploads\/2025\/01\/P1030301-scaled.jpg","datePublished":"2025-01-19T14:33:06+00:00","dateModified":"2025-03-30T15:55:45+00:00","breadcrumb":{"@id":"https:\/\/joygfbakery.com\/fr\/product\/nouveau-gateau-caprese\/#breadcrumb"},"inLanguage":"fr-FR","potentialAction":[{"@type":"ReadAction","target":["https:\/\/joygfbakery.com\/fr\/product\/nouveau-gateau-caprese\/"]}]},{"@type":"ImageObject","inLanguage":"fr-FR","@id":"https:\/\/joygfbakery.com\/fr\/product\/nouveau-gateau-caprese\/#primaryimage","url":"https:\/\/joygfbakery.com\/wp-content\/uploads\/2025\/01\/P1030301-scaled.jpg","contentUrl":"https:\/\/joygfbakery.com\/wp-content\/uploads\/2025\/01\/P1030301-scaled.jpg","width":2560,"height":2560},{"@type":"BreadcrumbList","@id":"https:\/\/joygfbakery.com\/fr\/product\/nouveau-gateau-caprese\/#breadcrumb","itemListElement":[{"@type":"ListItem","position":1,"name":"Home","item":"https:\/\/joygfbakery.com\/"},{"@type":"ListItem","position":2,"name":"Boutique","item":"https:\/\/joygfbakery.com\/fr\/boutique\/"},{"@type":"ListItem","position":3,"name":"G\u00e2teau Caprese"}]},{"@type":"WebSite","@id":"https:\/\/joygfbakery.com\/#website","url":"https:\/\/joygfbakery.com\/","name":"Joy Glutenfree Bakery","description":"Artisanal, Gluten free, Lactose free &amp; Vegan Friendly","publisher":{"@id":"https:\/\/joygfbakery.com\/#organization"},"potentialAction":[{"@type":"SearchAction","target":{"@type":"EntryPoint","urlTemplate":"https:\/\/joygfbakery.com\/?s={search_term_string}"},"query-input":{"@type":"PropertyValueSpecification","valueRequired":true,"valueName":"search_term_string"}}],"inLanguage":"fr-FR"},{"@type":"Organization","@id":"https:\/\/joygfbakery.com\/#organization","name":"Joy Glutenfree Bakery","url":"https:\/\/joygfbakery.com\/","logo":{"@type":"ImageObject","inLanguage":"fr-FR","@id":"https:\/\/joygfbakery.com\/#\/schema\/logo\/image\/","url":"https:\/\/joygfbakery.com\/wp-content\/uploads\/2024\/10\/cropped-LOGO-JOY-BAKERY.png","contentUrl":"https:\/\/joygfbakery.com\/wp-content\/uploads\/2024\/10\/cropped-LOGO-JOY-BAKERY.png","width":999,"height":999,"caption":"Joy Glutenfree Bakery"},"image":{"@id":"https:\/\/joygfbakery.com\/#\/schema\/logo\/image\/"}}]}},"_links":{"self":[{"href":"https:\/\/joygfbakery.com\/fr\/wp-json\/wp\/v2\/product\/13679","targetHints":{"allow":["GET"]}}],"collection":[{"href":"https:\/\/joygfbakery.com\/fr\/wp-json\/wp\/v2\/product"}],"about":[{"href":"https:\/\/joygfbakery.com\/fr\/wp-json\/wp\/v2\/types\/product"}],"wp:featuredmedia":[{"embeddable":true,"href":"https:\/\/joygfbakery.com\/fr\/wp-json\/wp\/v2\/media\/13645"}],"wp:attachment":[{"href":"https:\/\/joygfbakery.com\/fr\/wp-json\/wp\/v2\/media?parent=13679"}],"wp:term":[{"taxonomy":"product_cat","embeddable":true,"href":"https:\/\/joygfbakery.com\/fr\/wp-json\/wp\/v2\/product_cat?post=13679"},{"taxonomy":"product_tag","embeddable":true,"href":"https:\/\/joygfbakery.com\/fr\/wp-json\/wp\/v2\/product_tag?post=13679"}],"curies":[{"name":"wp","href":"https:\/\/api.w.org\/{rel}","templated":true}]}}