{"id":13615,"date":"2025-01-18T15:06:12","date_gmt":"2025-01-18T15:06:12","guid":{"rendered":"https:\/\/joygfbakery.com\/?post_type=product&#038;p=13615"},"modified":"2025-03-30T15:56:13","modified_gmt":"2025-03-30T15:56:13","slug":"rouleau-new-yorkais-copy","status":"publish","type":"product","link":"https:\/\/joygfbakery.com\/fr\/product\/rouleau-new-yorkais-copy\/","title":{"rendered":"New York Roll &#8211; Pistache"},"content":{"rendered":"<p><span data-sheets-root=\"1\">Le New York Roll est un croissant de style am\u00e9ricain appel\u00e9 \u00e0 l&rsquo;origine The Supreme.<\/span><\/p>\n<p><span data-sheets-root=\"1\">Cette version ronde de la p\u00e2te feuillet\u00e9e est fourr\u00e9e d&rsquo;une voluptueuse cr\u00e8me \u00e0 la pistache et garnie de flocons de pistache&#8230; Tr\u00e8s addictif !<\/span><\/p>\n","protected":false},"excerpt":{"rendered":"<p><span data-sheets-root=\"1\">Le New York Roll est un croissant de style am\u00e9ricain appel\u00e9 \u00e0 l&rsquo;origine The Supreme.<\/span><\/p>\n<p><span data-sheets-root=\"1\">Cette version ronde de la p\u00e2te feuillet\u00e9e est fourr\u00e9e d&rsquo;une voluptueuse cr\u00e8me \u00e0 la pistache et garnie de flocons de pistache&#8230; Tr\u00e8s addictif !<\/span><\/p>\n","protected":false},"featured_media":13617,"template":"","meta":[],"product_cat":[160],"product_tag":[201],"class_list":{"0":"post-13615","1":"product","2":"type-product","3":"status-publish","4":"has-post-thumbnail","6":"product_cat-viennoiseries-haute-couture-fr","7":"product_tag-sans-lactose-sans-oeufs-sans-proteines-de-lait-vegetalien","9":"first","10":"instock","11":"taxable","12":"shipping-taxable","13":"product-type-simple"},"yoast_head":"<!-- This site is optimized with the Yoast SEO plugin v24.6 - https:\/\/yoast.com\/wordpress\/plugins\/seo\/ -->\n<title>New York Roll - Pistache - darkoct02<\/title>\n<meta name=\"robots\" content=\"index, follow, max-snippet:-1, max-image-preview:large, max-video-preview:-1\" \/>\n<link rel=\"canonical\" href=\"https:\/\/joygfbakery.com\/fr\/product\/rouleau-new-yorkais-copy\/\" \/>\n<meta property=\"og:locale\" content=\"fr_FR\" \/>\n<meta property=\"og:type\" content=\"article\" \/>\n<meta property=\"og:title\" content=\"New York Roll - Pistache - darkoct02\" \/>\n<meta property=\"og:description\" content=\"Le New York Roll est un croissant de style am\u00e9ricain appel\u00e9 \u00e0 l&#039;origine The Supreme.  Cette version ronde de la p\u00e2te feuillet\u00e9e est fourr\u00e9e d&#039;une voluptueuse cr\u00e8me \u00e0 la pistache et garnie de flocons de pistache... Tr\u00e8s addictif !\" \/>\n<meta property=\"og:url\" content=\"https:\/\/joygfbakery.com\/fr\/product\/rouleau-new-yorkais-copy\/\" \/>\n<meta property=\"og:site_name\" content=\"darkoct02\" \/>\n<meta property=\"article:modified_time\" content=\"2025-03-30T15:56:13+00:00\" \/>\n<meta property=\"og:image\" content=\"https:\/\/joygfbakery.com\/wp-content\/uploads\/2025\/01\/P1030297-scaled.jpg\" \/>\n\t<meta property=\"og:image:width\" content=\"2560\" \/>\n\t<meta property=\"og:image:height\" content=\"2458\" \/>\n\t<meta property=\"og:image:type\" content=\"image\/jpeg\" \/>\n<meta name=\"twitter:card\" content=\"summary_large_image\" \/>\n<meta name=\"twitter:label1\" content=\"Dur\u00e9e de lecture estim\u00e9e\" \/>\n\t<meta name=\"twitter:data1\" content=\"1 minute\" \/>\n<script type=\"application\/ld+json\" class=\"yoast-schema-graph\">{\"@context\":\"https:\/\/schema.org\",\"@graph\":[{\"@type\":\"WebPage\",\"@id\":\"https:\/\/joygfbakery.com\/fr\/product\/rouleau-new-yorkais-copy\/\",\"url\":\"https:\/\/joygfbakery.com\/fr\/product\/rouleau-new-yorkais-copy\/\",\"name\":\"New York Roll - Pistache - darkoct02\",\"isPartOf\":{\"@id\":\"https:\/\/joygfbakery.com\/#website\"},\"primaryImageOfPage\":{\"@id\":\"https:\/\/joygfbakery.com\/fr\/product\/rouleau-new-yorkais-copy\/#primaryimage\"},\"image\":{\"@id\":\"https:\/\/joygfbakery.com\/fr\/product\/rouleau-new-yorkais-copy\/#primaryimage\"},\"thumbnailUrl\":\"https:\/\/joygfbakery.com\/wp-content\/uploads\/2025\/01\/P1030297-scaled.jpg\",\"datePublished\":\"2025-01-18T15:06:12+00:00\",\"dateModified\":\"2025-03-30T15:56:13+00:00\",\"breadcrumb\":{\"@id\":\"https:\/\/joygfbakery.com\/fr\/product\/rouleau-new-yorkais-copy\/#breadcrumb\"},\"inLanguage\":\"fr-FR\",\"potentialAction\":[{\"@type\":\"ReadAction\",\"target\":[\"https:\/\/joygfbakery.com\/fr\/product\/rouleau-new-yorkais-copy\/\"]}]},{\"@type\":\"ImageObject\",\"inLanguage\":\"fr-FR\",\"@id\":\"https:\/\/joygfbakery.com\/fr\/product\/rouleau-new-yorkais-copy\/#primaryimage\",\"url\":\"https:\/\/joygfbakery.com\/wp-content\/uploads\/2025\/01\/P1030297-scaled.jpg\",\"contentUrl\":\"https:\/\/joygfbakery.com\/wp-content\/uploads\/2025\/01\/P1030297-scaled.jpg\",\"width\":2560,\"height\":2458},{\"@type\":\"BreadcrumbList\",\"@id\":\"https:\/\/joygfbakery.com\/fr\/product\/rouleau-new-yorkais-copy\/#breadcrumb\",\"itemListElement\":[{\"@type\":\"ListItem\",\"position\":1,\"name\":\"Home\",\"item\":\"https:\/\/joygfbakery.com\/\"},{\"@type\":\"ListItem\",\"position\":2,\"name\":\"Boutique\",\"item\":\"https:\/\/joygfbakery.com\/fr\/boutique\/\"},{\"@type\":\"ListItem\",\"position\":3,\"name\":\"New York Roll &#8211; Pistache\"}]},{\"@type\":\"WebSite\",\"@id\":\"https:\/\/joygfbakery.com\/#website\",\"url\":\"https:\/\/joygfbakery.com\/\",\"name\":\"Joy Glutenfree Bakery\",\"description\":\"Artisanal, Gluten free, Lactose free &amp; Vegan Friendly\",\"publisher\":{\"@id\":\"https:\/\/joygfbakery.com\/#organization\"},\"potentialAction\":[{\"@type\":\"SearchAction\",\"target\":{\"@type\":\"EntryPoint\",\"urlTemplate\":\"https:\/\/joygfbakery.com\/?s={search_term_string}\"},\"query-input\":{\"@type\":\"PropertyValueSpecification\",\"valueRequired\":true,\"valueName\":\"search_term_string\"}}],\"inLanguage\":\"fr-FR\"},{\"@type\":\"Organization\",\"@id\":\"https:\/\/joygfbakery.com\/#organization\",\"name\":\"Joy Glutenfree Bakery\",\"url\":\"https:\/\/joygfbakery.com\/\",\"logo\":{\"@type\":\"ImageObject\",\"inLanguage\":\"fr-FR\",\"@id\":\"https:\/\/joygfbakery.com\/#\/schema\/logo\/image\/\",\"url\":\"https:\/\/joygfbakery.com\/wp-content\/uploads\/2024\/10\/cropped-LOGO-JOY-BAKERY.png\",\"contentUrl\":\"https:\/\/joygfbakery.com\/wp-content\/uploads\/2024\/10\/cropped-LOGO-JOY-BAKERY.png\",\"width\":999,\"height\":999,\"caption\":\"Joy Glutenfree Bakery\"},\"image\":{\"@id\":\"https:\/\/joygfbakery.com\/#\/schema\/logo\/image\/\"}}]}<\/script>\n<!-- \/ Yoast SEO plugin. -->","yoast_head_json":{"title":"New York Roll - Pistache - darkoct02","robots":{"index":"index","follow":"follow","max-snippet":"max-snippet:-1","max-image-preview":"max-image-preview:large","max-video-preview":"max-video-preview:-1"},"canonical":"https:\/\/joygfbakery.com\/fr\/product\/rouleau-new-yorkais-copy\/","og_locale":"fr_FR","og_type":"article","og_title":"New York Roll - Pistache - darkoct02","og_description":"Le New York Roll est un croissant de style am\u00e9ricain appel\u00e9 \u00e0 l'origine The Supreme.  Cette version ronde de la p\u00e2te feuillet\u00e9e est fourr\u00e9e d'une voluptueuse cr\u00e8me \u00e0 la pistache et garnie de flocons de pistache... Tr\u00e8s addictif !","og_url":"https:\/\/joygfbakery.com\/fr\/product\/rouleau-new-yorkais-copy\/","og_site_name":"darkoct02","article_modified_time":"2025-03-30T15:56:13+00:00","og_image":[{"width":2560,"height":2458,"url":"https:\/\/joygfbakery.com\/wp-content\/uploads\/2025\/01\/P1030297-scaled.jpg","type":"image\/jpeg"}],"twitter_card":"summary_large_image","twitter_misc":{"Dur\u00e9e de lecture estim\u00e9e":"1 minute"},"schema":{"@context":"https:\/\/schema.org","@graph":[{"@type":"WebPage","@id":"https:\/\/joygfbakery.com\/fr\/product\/rouleau-new-yorkais-copy\/","url":"https:\/\/joygfbakery.com\/fr\/product\/rouleau-new-yorkais-copy\/","name":"New York Roll - Pistache - darkoct02","isPartOf":{"@id":"https:\/\/joygfbakery.com\/#website"},"primaryImageOfPage":{"@id":"https:\/\/joygfbakery.com\/fr\/product\/rouleau-new-yorkais-copy\/#primaryimage"},"image":{"@id":"https:\/\/joygfbakery.com\/fr\/product\/rouleau-new-yorkais-copy\/#primaryimage"},"thumbnailUrl":"https:\/\/joygfbakery.com\/wp-content\/uploads\/2025\/01\/P1030297-scaled.jpg","datePublished":"2025-01-18T15:06:12+00:00","dateModified":"2025-03-30T15:56:13+00:00","breadcrumb":{"@id":"https:\/\/joygfbakery.com\/fr\/product\/rouleau-new-yorkais-copy\/#breadcrumb"},"inLanguage":"fr-FR","potentialAction":[{"@type":"ReadAction","target":["https:\/\/joygfbakery.com\/fr\/product\/rouleau-new-yorkais-copy\/"]}]},{"@type":"ImageObject","inLanguage":"fr-FR","@id":"https:\/\/joygfbakery.com\/fr\/product\/rouleau-new-yorkais-copy\/#primaryimage","url":"https:\/\/joygfbakery.com\/wp-content\/uploads\/2025\/01\/P1030297-scaled.jpg","contentUrl":"https:\/\/joygfbakery.com\/wp-content\/uploads\/2025\/01\/P1030297-scaled.jpg","width":2560,"height":2458},{"@type":"BreadcrumbList","@id":"https:\/\/joygfbakery.com\/fr\/product\/rouleau-new-yorkais-copy\/#breadcrumb","itemListElement":[{"@type":"ListItem","position":1,"name":"Home","item":"https:\/\/joygfbakery.com\/"},{"@type":"ListItem","position":2,"name":"Boutique","item":"https:\/\/joygfbakery.com\/fr\/boutique\/"},{"@type":"ListItem","position":3,"name":"New York Roll &#8211; Pistache"}]},{"@type":"WebSite","@id":"https:\/\/joygfbakery.com\/#website","url":"https:\/\/joygfbakery.com\/","name":"Joy Glutenfree Bakery","description":"Artisanal, Gluten free, Lactose free &amp; Vegan Friendly","publisher":{"@id":"https:\/\/joygfbakery.com\/#organization"},"potentialAction":[{"@type":"SearchAction","target":{"@type":"EntryPoint","urlTemplate":"https:\/\/joygfbakery.com\/?s={search_term_string}"},"query-input":{"@type":"PropertyValueSpecification","valueRequired":true,"valueName":"search_term_string"}}],"inLanguage":"fr-FR"},{"@type":"Organization","@id":"https:\/\/joygfbakery.com\/#organization","name":"Joy Glutenfree Bakery","url":"https:\/\/joygfbakery.com\/","logo":{"@type":"ImageObject","inLanguage":"fr-FR","@id":"https:\/\/joygfbakery.com\/#\/schema\/logo\/image\/","url":"https:\/\/joygfbakery.com\/wp-content\/uploads\/2024\/10\/cropped-LOGO-JOY-BAKERY.png","contentUrl":"https:\/\/joygfbakery.com\/wp-content\/uploads\/2024\/10\/cropped-LOGO-JOY-BAKERY.png","width":999,"height":999,"caption":"Joy Glutenfree Bakery"},"image":{"@id":"https:\/\/joygfbakery.com\/#\/schema\/logo\/image\/"}}]}},"_links":{"self":[{"href":"https:\/\/joygfbakery.com\/fr\/wp-json\/wp\/v2\/product\/13615","targetHints":{"allow":["GET"]}}],"collection":[{"href":"https:\/\/joygfbakery.com\/fr\/wp-json\/wp\/v2\/product"}],"about":[{"href":"https:\/\/joygfbakery.com\/fr\/wp-json\/wp\/v2\/types\/product"}],"wp:featuredmedia":[{"embeddable":true,"href":"https:\/\/joygfbakery.com\/fr\/wp-json\/wp\/v2\/media\/13617"}],"wp:attachment":[{"href":"https:\/\/joygfbakery.com\/fr\/wp-json\/wp\/v2\/media?parent=13615"}],"wp:term":[{"taxonomy":"product_cat","embeddable":true,"href":"https:\/\/joygfbakery.com\/fr\/wp-json\/wp\/v2\/product_cat?post=13615"},{"taxonomy":"product_tag","embeddable":true,"href":"https:\/\/joygfbakery.com\/fr\/wp-json\/wp\/v2\/product_tag?post=13615"}],"curies":[{"name":"wp","href":"https:\/\/api.w.org\/{rel}","templated":true}]}}