{"id":12198,"date":"2024-11-08T12:25:37","date_gmt":"2024-11-08T12:25:37","guid":{"rendered":"https:\/\/joygfbakery.com\/product\/focaccia\/"},"modified":"2025-01-02T13:07:03","modified_gmt":"2025-01-02T13:07:03","slug":"focaccia","status":"publish","type":"product","link":"https:\/\/joygfbakery.com\/fr\/product\/focaccia\/","title":{"rendered":"Focaccia"},"content":{"rendered":"<p><span data-sheets-root=\"1\">Associ\u00e9e \u00e0 la Ligurie, cette focaccia est tr\u00e8s l\u00e9g\u00e8re, car elle est pr\u00e9par\u00e9e avec tr\u00e8s peu de levure, en laissant lever un grand nombre d&rsquo;heures, et avec des ingr\u00e9dients de premi\u00e8re qualit\u00e9 comme l&rsquo;huile d&rsquo;olive extra vierge et le romarin.<\/span><\/p>\n","protected":false},"excerpt":{"rendered":"<p><span data-sheets-root=\"1\">Associ\u00e9e \u00e0 la Ligurie, cette focaccia est tr\u00e8s l\u00e9g\u00e8re, car elle est pr\u00e9par\u00e9e avec tr\u00e8s peu de levure, en laissant lever un grand nombre d&rsquo;heures, et avec des ingr\u00e9dients de premi\u00e8re qualit\u00e9 comme l&rsquo;huile d&rsquo;olive extra vierge et le romarin.<\/span><\/p>\n","protected":false},"featured_media":11976,"template":"","meta":[],"product_cat":[211],"product_tag":[206],"class_list":{"0":"post-12198","1":"product","2":"type-product","3":"status-publish","4":"has-post-thumbnail","6":"product_cat-pizza-et-focaccia-fr-2","7":"product_tag-sans-lactose-vegetalien-sans-oeufs-sans-noix-sans-proteines-de-lait","8":"product_brand-almonds","9":"product_brand-eggs","10":"product_brand-gluten","11":"product_brand-lactose","12":"product_brand-milk","13":"product_brand-nuts","14":"product_brand-pine-nuts","15":"product_brand-pistachios","16":"product_brand-soja","17":"product_brand-vegan","19":"first","20":"instock","21":"taxable","22":"shipping-taxable","23":"product-type-simple"},"yoast_head":"<!-- This site is optimized with the Yoast SEO plugin v24.6 - https:\/\/yoast.com\/wordpress\/plugins\/seo\/ -->\n<title>Focaccia - darkoct02<\/title>\n<meta name=\"robots\" content=\"index, follow, max-snippet:-1, max-image-preview:large, max-video-preview:-1\" \/>\n<link rel=\"canonical\" href=\"https:\/\/joygfbakery.com\/product\/focaccia\/\" \/>\n<meta property=\"og:locale\" content=\"fr_FR\" \/>\n<meta property=\"og:type\" content=\"article\" \/>\n<meta property=\"og:title\" content=\"Focaccia - darkoct02\" \/>\n<meta property=\"og:description\" content=\"Associ\u00e9e \u00e0 la Ligurie, cette focaccia est tr\u00e8s l\u00e9g\u00e8re, car elle est pr\u00e9par\u00e9e avec tr\u00e8s peu de levure, en laissant lever un grand nombre d&#039;heures, et avec des ingr\u00e9dients de premi\u00e8re qualit\u00e9 comme l&#039;huile d&#039;olive extra vierge et le romarin.\" \/>\n<meta property=\"og:url\" content=\"https:\/\/joygfbakery.com\/product\/focaccia\/\" \/>\n<meta property=\"og:site_name\" content=\"darkoct02\" \/>\n<meta property=\"article:modified_time\" content=\"2025-01-02T13:07:03+00:00\" \/>\n<meta property=\"og:image\" content=\"https:\/\/joygfbakery.com\/wp-content\/uploads\/2024\/11\/Focaccia.webp\" \/>\n\t<meta property=\"og:image:width\" content=\"1600\" \/>\n\t<meta property=\"og:image:height\" content=\"1068\" \/>\n\t<meta property=\"og:image:type\" content=\"image\/webp\" \/>\n<meta name=\"twitter:card\" content=\"summary_large_image\" \/>\n<script type=\"application\/ld+json\" class=\"yoast-schema-graph\">{\"@context\":\"https:\/\/schema.org\",\"@graph\":[{\"@type\":\"WebPage\",\"@id\":\"https:\/\/joygfbakery.com\/product\/focaccia\/\",\"url\":\"https:\/\/joygfbakery.com\/product\/focaccia\/\",\"name\":\"Focaccia - darkoct02\",\"isPartOf\":{\"@id\":\"https:\/\/joygfbakery.com\/#website\"},\"primaryImageOfPage\":{\"@id\":\"https:\/\/joygfbakery.com\/product\/focaccia\/#primaryimage\"},\"image\":{\"@id\":\"https:\/\/joygfbakery.com\/product\/focaccia\/#primaryimage\"},\"thumbnailUrl\":\"https:\/\/joygfbakery.com\/wp-content\/uploads\/2024\/11\/Focaccia.webp\",\"datePublished\":\"2024-11-08T12:25:37+00:00\",\"dateModified\":\"2025-01-02T13:07:03+00:00\",\"breadcrumb\":{\"@id\":\"https:\/\/joygfbakery.com\/product\/focaccia\/#breadcrumb\"},\"inLanguage\":\"fr-FR\",\"potentialAction\":[{\"@type\":\"ReadAction\",\"target\":[\"https:\/\/joygfbakery.com\/product\/focaccia\/\"]}]},{\"@type\":\"ImageObject\",\"inLanguage\":\"fr-FR\",\"@id\":\"https:\/\/joygfbakery.com\/product\/focaccia\/#primaryimage\",\"url\":\"https:\/\/joygfbakery.com\/wp-content\/uploads\/2024\/11\/Focaccia.webp\",\"contentUrl\":\"https:\/\/joygfbakery.com\/wp-content\/uploads\/2024\/11\/Focaccia.webp\",\"width\":1600,\"height\":1068},{\"@type\":\"BreadcrumbList\",\"@id\":\"https:\/\/joygfbakery.com\/product\/focaccia\/#breadcrumb\",\"itemListElement\":[{\"@type\":\"ListItem\",\"position\":1,\"name\":\"Home\",\"item\":\"https:\/\/joygfbakery.com\/\"},{\"@type\":\"ListItem\",\"position\":2,\"name\":\"Boutique\",\"item\":\"https:\/\/joygfbakery.com\/fr\/boutique\/\"},{\"@type\":\"ListItem\",\"position\":3,\"name\":\"Focaccia\"}]},{\"@type\":\"WebSite\",\"@id\":\"https:\/\/joygfbakery.com\/#website\",\"url\":\"https:\/\/joygfbakery.com\/\",\"name\":\"Joy Glutenfree Bakery\",\"description\":\"Artisanal, Gluten free, Lactose free &amp; Vegan Friendly\",\"publisher\":{\"@id\":\"https:\/\/joygfbakery.com\/#organization\"},\"potentialAction\":[{\"@type\":\"SearchAction\",\"target\":{\"@type\":\"EntryPoint\",\"urlTemplate\":\"https:\/\/joygfbakery.com\/?s={search_term_string}\"},\"query-input\":{\"@type\":\"PropertyValueSpecification\",\"valueRequired\":true,\"valueName\":\"search_term_string\"}}],\"inLanguage\":\"fr-FR\"},{\"@type\":\"Organization\",\"@id\":\"https:\/\/joygfbakery.com\/#organization\",\"name\":\"Joy Glutenfree Bakery\",\"url\":\"https:\/\/joygfbakery.com\/\",\"logo\":{\"@type\":\"ImageObject\",\"inLanguage\":\"fr-FR\",\"@id\":\"https:\/\/joygfbakery.com\/#\/schema\/logo\/image\/\",\"url\":\"https:\/\/joygfbakery.com\/wp-content\/uploads\/2024\/10\/cropped-LOGO-JOY-BAKERY.png\",\"contentUrl\":\"https:\/\/joygfbakery.com\/wp-content\/uploads\/2024\/10\/cropped-LOGO-JOY-BAKERY.png\",\"width\":999,\"height\":999,\"caption\":\"Joy Glutenfree Bakery\"},\"image\":{\"@id\":\"https:\/\/joygfbakery.com\/#\/schema\/logo\/image\/\"}}]}<\/script>\n<!-- \/ Yoast SEO plugin. -->","yoast_head_json":{"title":"Focaccia - darkoct02","robots":{"index":"index","follow":"follow","max-snippet":"max-snippet:-1","max-image-preview":"max-image-preview:large","max-video-preview":"max-video-preview:-1"},"canonical":"https:\/\/joygfbakery.com\/product\/focaccia\/","og_locale":"fr_FR","og_type":"article","og_title":"Focaccia - darkoct02","og_description":"Associ\u00e9e \u00e0 la Ligurie, cette focaccia est tr\u00e8s l\u00e9g\u00e8re, car elle est pr\u00e9par\u00e9e avec tr\u00e8s peu de levure, en laissant lever un grand nombre d'heures, et avec des ingr\u00e9dients de premi\u00e8re qualit\u00e9 comme l'huile d'olive extra vierge et le romarin.","og_url":"https:\/\/joygfbakery.com\/product\/focaccia\/","og_site_name":"darkoct02","article_modified_time":"2025-01-02T13:07:03+00:00","og_image":[{"width":1600,"height":1068,"url":"https:\/\/joygfbakery.com\/wp-content\/uploads\/2024\/11\/Focaccia.webp","type":"image\/webp"}],"twitter_card":"summary_large_image","schema":{"@context":"https:\/\/schema.org","@graph":[{"@type":"WebPage","@id":"https:\/\/joygfbakery.com\/product\/focaccia\/","url":"https:\/\/joygfbakery.com\/product\/focaccia\/","name":"Focaccia - darkoct02","isPartOf":{"@id":"https:\/\/joygfbakery.com\/#website"},"primaryImageOfPage":{"@id":"https:\/\/joygfbakery.com\/product\/focaccia\/#primaryimage"},"image":{"@id":"https:\/\/joygfbakery.com\/product\/focaccia\/#primaryimage"},"thumbnailUrl":"https:\/\/joygfbakery.com\/wp-content\/uploads\/2024\/11\/Focaccia.webp","datePublished":"2024-11-08T12:25:37+00:00","dateModified":"2025-01-02T13:07:03+00:00","breadcrumb":{"@id":"https:\/\/joygfbakery.com\/product\/focaccia\/#breadcrumb"},"inLanguage":"fr-FR","potentialAction":[{"@type":"ReadAction","target":["https:\/\/joygfbakery.com\/product\/focaccia\/"]}]},{"@type":"ImageObject","inLanguage":"fr-FR","@id":"https:\/\/joygfbakery.com\/product\/focaccia\/#primaryimage","url":"https:\/\/joygfbakery.com\/wp-content\/uploads\/2024\/11\/Focaccia.webp","contentUrl":"https:\/\/joygfbakery.com\/wp-content\/uploads\/2024\/11\/Focaccia.webp","width":1600,"height":1068},{"@type":"BreadcrumbList","@id":"https:\/\/joygfbakery.com\/product\/focaccia\/#breadcrumb","itemListElement":[{"@type":"ListItem","position":1,"name":"Home","item":"https:\/\/joygfbakery.com\/"},{"@type":"ListItem","position":2,"name":"Boutique","item":"https:\/\/joygfbakery.com\/fr\/boutique\/"},{"@type":"ListItem","position":3,"name":"Focaccia"}]},{"@type":"WebSite","@id":"https:\/\/joygfbakery.com\/#website","url":"https:\/\/joygfbakery.com\/","name":"Joy Glutenfree Bakery","description":"Artisanal, Gluten free, Lactose free &amp; Vegan Friendly","publisher":{"@id":"https:\/\/joygfbakery.com\/#organization"},"potentialAction":[{"@type":"SearchAction","target":{"@type":"EntryPoint","urlTemplate":"https:\/\/joygfbakery.com\/?s={search_term_string}"},"query-input":{"@type":"PropertyValueSpecification","valueRequired":true,"valueName":"search_term_string"}}],"inLanguage":"fr-FR"},{"@type":"Organization","@id":"https:\/\/joygfbakery.com\/#organization","name":"Joy Glutenfree Bakery","url":"https:\/\/joygfbakery.com\/","logo":{"@type":"ImageObject","inLanguage":"fr-FR","@id":"https:\/\/joygfbakery.com\/#\/schema\/logo\/image\/","url":"https:\/\/joygfbakery.com\/wp-content\/uploads\/2024\/10\/cropped-LOGO-JOY-BAKERY.png","contentUrl":"https:\/\/joygfbakery.com\/wp-content\/uploads\/2024\/10\/cropped-LOGO-JOY-BAKERY.png","width":999,"height":999,"caption":"Joy Glutenfree Bakery"},"image":{"@id":"https:\/\/joygfbakery.com\/#\/schema\/logo\/image\/"}}]}},"_links":{"self":[{"href":"https:\/\/joygfbakery.com\/fr\/wp-json\/wp\/v2\/product\/12198","targetHints":{"allow":["GET"]}}],"collection":[{"href":"https:\/\/joygfbakery.com\/fr\/wp-json\/wp\/v2\/product"}],"about":[{"href":"https:\/\/joygfbakery.com\/fr\/wp-json\/wp\/v2\/types\/product"}],"wp:featuredmedia":[{"embeddable":true,"href":"https:\/\/joygfbakery.com\/fr\/wp-json\/wp\/v2\/media\/11976"}],"wp:attachment":[{"href":"https:\/\/joygfbakery.com\/fr\/wp-json\/wp\/v2\/media?parent=12198"}],"wp:term":[{"taxonomy":"product_cat","embeddable":true,"href":"https:\/\/joygfbakery.com\/fr\/wp-json\/wp\/v2\/product_cat?post=12198"},{"taxonomy":"product_tag","embeddable":true,"href":"https:\/\/joygfbakery.com\/fr\/wp-json\/wp\/v2\/product_tag?post=12198"}],"curies":[{"name":"wp","href":"https:\/\/api.w.org\/{rel}","templated":true}]}}