{"id":13552,"date":"2021-10-28T10:00:09","date_gmt":"2021-10-28T10:00:09","guid":{"rendered":"https:\/\/joygfbakery.com\/conditions-generales\/"},"modified":"2025-01-14T04:21:53","modified_gmt":"2025-01-14T04:21:53","slug":"conditions-generales","status":"publish","type":"page","link":"https:\/\/joygfbakery.com\/fr\/conditions-generales\/","title":{"rendered":"Conditions g\u00e9n\u00e9rales"},"content":{"rendered":"\t\t<div data-elementor-type=\"wp-page\" data-elementor-id=\"13552\" class=\"elementor elementor-13552 elementor-10248\" data-elementor-post-type=\"page\">\n\t\t\t\t<div class=\"elementor-element elementor-element-789c78b7 e-flex e-con-boxed e-con e-parent\" data-id=\"789c78b7\" data-element_type=\"container\">\n\t\t\t\t\t<div class=\"e-con-inner\">\n\t\t\t\t<div class=\"elementor-element elementor-element-62997cca elementor-widget elementor-widget-text-editor\" data-id=\"62997cca\" data-element_type=\"widget\" data-widget_type=\"text-editor.default\">\n\t\t\t\t<div class=\"elementor-widget-container\">\n\t\t\t\t\t\t\t\t\t<h2>Dispositions g\u00e9n\u00e9rales<\/h2>\n<p>La boutique en ligne Joy, sans gluten (\u00ab Vendeur \u00bb) offre \u00e0 ses clients la possibilit\u00e9 d&rsquo;acheter en ligne les produits de sa boutique en ligne. Les pr\u00e9sentes conditions g\u00e9n\u00e9rales (\u00ab Conditions g\u00e9n\u00e9rales \u00bb) s&rsquo;appliquent \u00e0 chaque commande pass\u00e9e par un visiteur de cette boutique en ligne de commerce \u00e9lectronique (\u00ab Client \u00bb). Les conditions g\u00e9n\u00e9rales suppl\u00e9mentaires du Client sont exclues, sauf si elles ont \u00e9t\u00e9 express\u00e9ment accept\u00e9es au pr\u00e9alable, par \u00e9crit.<\/p>\n<h2>Offre<\/h2>\n<p>Malgr\u00e9 le fait que le catalogue en ligne et la boutique en ligne de commerce \u00e9lectronique sont \u00e9labor\u00e9s avec le plus grand soin possible, il est toujours possible que les informations fournies soient incompl\u00e8tes, contiennent des erreurs mat\u00e9rielles ou ne soient pas \u00e0 jour. Les erreurs \u00e9videntes ou les fautes dans l&rsquo;offre ne sont pas contraignantes. En aucun cas, le vendeur ne sera responsable en cas d&rsquo;erreurs mat\u00e9rielles manifestes, d&rsquo;erreurs typographiques ou d&rsquo;impression. Si le client a des questions sp\u00e9cifiques sur les tailles, la couleur, la disponibilit\u00e9, le d\u00e9lai de livraison ou le mode de livraison, nous demandons au client de contacter au pr\u00e9alable notre service client.<\/p>\n\n<p>L&rsquo;offre est toujours valable jusqu&rsquo;\u00e0 \u00e9puisement des stocks et peut \u00eatre ajust\u00e9e ou retir\u00e9e \u00e0 tout moment. Le vendeur ne peut \u00eatre tenu responsable de l&rsquo;indisponibilit\u00e9 d&rsquo;un produit.<\/p>\n<h3>Prix<\/h3>\n<p>Tous les prix indiqu\u00e9s sont exprim\u00e9s en euros et, sauf mention contraire, incluent la TVA. Si des frais de livraison, de r\u00e9servation ou administratifs sont factur\u00e9s, cela sera indiqu\u00e9 s\u00e9par\u00e9ment.<\/p>\n\n<p>La mention du prix se r\u00e9f\u00e8re exclusivement aux articles tels qu&rsquo;ils sont d\u00e9crits textuellement. Les photos d&rsquo;accompagnement sont destin\u00e9es \u00e0 \u00eatre d\u00e9coratives et peuvent contenir des \u00e9l\u00e9ments qui ne sont pas inclus dans le prix.<\/p>\n<h3>Paiement en ligne<\/h3>\n<p>Le Client a le choix entre la banque, le virement par carte de cr\u00e9dit et Paypal comme modes de paiement.<\/p>\n\n<p>Le Vendeur est en droit de refuser une commande en raison d&rsquo;un manquement grave du Client par rapport aux commandes impliquant le Client.<\/p>\n<h3>Commande et livraison<\/h3>\n<p>Les commandes ne peuvent pas \u00eatre annul\u00e9es une fois la production effectu\u00e9e.<\/p>\n\n<p>Le Client doit s&rsquo;assurer que sa commande a des frais de livraison pay\u00e9s, lors de la commande pour livraison ou votre commande peut \u00eatre mise en attente ou annul\u00e9e. Les commandes de livraison ne seront pas exp\u00e9di\u00e9es sans frais de livraison.<\/p>\n\n<p>Le Vendeur peut occasionnellement modifier les dates de livraison dans les cas suivants<\/p>\n<ul>\n<li>Lorsque les articles sont en rupture de stock<\/li>\n<li>Probl\u00e8mes avec les commandes (mauvais article command\u00e9)<\/li>\n<li>Erreurs de date de commande (vous acceptez que nous puissions livrer un jour ou deux plus t\u00f4t ou un jour ou deux plus tard si n\u00e9cessaire)<\/li>\n<\/ul>\n<p>Le retrait est possible \u00e0 la Rue Philippe Le Bon, 1000 Bruxelles, uniquement sur rendez-vous confirm\u00e9, le :<\/p>\n<ul>\n<li>Vendredi 18h-20h<\/li>\n<li>Samedi 9h30-00h30<\/li>\n<li>Dimanche 9h30-12h<\/li>\n<\/ul>\n<p>Les livraisons sont possibles \u00e0 Bruxelles et +\/- 10 km, uniquement sur rendez-vous confirm\u00e9 :\n<ul>\n<li>Samedi 9h30-12h30<\/li>\n<li>Dimanche 9h30-12h<\/li>\n<\/ul>\n<p>Le prix des livraisons \u00e0 Bruxelles et +\/- 10 km est bas\u00e9 sur la distance<\/p>\n\n<p>Certains produits peuvent \u00eatre exp\u00e9di\u00e9s par la poste en Belgique, en Allemagne, aux Pays-Bas et en France\u00a0; veuillez v\u00e9rifier sur les pages de produits sp\u00e9cifiques.<\/p>\n\n<p>Lorsque vous s\u00e9lectionnez cette option, le Vendeur ne peut pas garantir les dates ou heures de livraison exactes, mais le Client recevra un avis de livraison de l&rsquo;op\u00e9rateur postal s\u00e9lectionn\u00e9, avec le jour et les heures pr\u00e9vus.<\/p>\n\n<p>Les causes de retard comprennent les erreurs de tri de la part de la soci\u00e9t\u00e9 de messagerie, les accidents de la circulation et les erreurs du conducteur.<\/p>\n\n<p>Malheureusement, ces causes ne peuvent pas \u00eatre \u00e9limin\u00e9es, c&rsquo;est pourquoi en passant une commande, le Client s&rsquo;engage \u00e0 accepter la livraison avec un jour de retard.<\/p>\n\n<p>La commande est emball\u00e9e dans un emballage protecteur et a une dur\u00e9e de conservation indiqu\u00e9e \u00e0 l&rsquo;environnement lors de son exp\u00e9dition. Si la commande est livr\u00e9e avec un jour de retard, le Client doit suivre les instructions de notre document de stockage<\/p>\n<h3>Remplacement<\/h3>\n<p>Le Vendeur remplacera la commande du Client si un probl\u00e8me survient avec le produit en raison de la livraison (dommage) ou si le transport prend plus de trois jours.<\/p>\n\n<p>Si la commande arrive un jour apr\u00e8s l&rsquo;heure pr\u00e9vue, elle n&rsquo;est pas \u00e9ligible au remplacement.<\/p>\n\n<p>Aucun remboursement n&rsquo;est possible si les produits ont \u00e9t\u00e9 exp\u00e9di\u00e9s, le vendeur peut uniquement les remplacer ; des photos et un e-mail montrant clairement le probl\u00e8me sont n\u00e9cessaires.<\/p>\n\n<p>Le vendeur ne remplace ni ne rembourse les colis qui ont \u00e9t\u00e9 livr\u00e9s avec une preuve de livraison \u00e0 la bonne adresse (quelles que soient les circonstances). L&rsquo;op\u00e9rateur de livraison enverra au client un cr\u00e9neau de livraison avant la livraison et informera le client de la livraison du colis. Le client doit g\u00e9rer activement cela pour s&rsquo;assurer de recevoir son colis.<\/p>\n\n<p>Si le client ne re\u00e7oit pas son colis correctement livr\u00e9 avec une preuve de livraison, il doit en parler \u00e0 la direction de l&rsquo;immeuble ou \u00e0 la police locale. Le colis ne pourra pas \u00eatre remplac\u00e9.<\/p>\n<h3>Saisie de donn\u00e9es<\/h3>\n<p>Le client doit s&rsquo;assurer d&rsquo;avoir saisi les informations correctes sur la commande, des informations incorrectes peuvent entra\u00eener des retards de traitement.<\/p>\n\n<p>Lorsque des informations erron\u00e9es sont fournies, la commande peut \u00eatre retard\u00e9e ou annul\u00e9e.<\/p>\n<h3>Politique commerciale<\/h3>\n<p>Le vendeur se r\u00e9serve le droit de modifier le prix, le type, le produit, la taille et la composition de l&rsquo;un de nos produits sans pr\u00e9avis.<\/p>\n<h3>Exclusivit\u00e9 commerciale<\/h3>\n<p>Les produits du Vendeur sont exclusivement destin\u00e9s aux consommateurs directs et il est ill\u00e9gal de vendre ces produits ou de les r\u00e9utiliser \u00e0 des fins commerciales sans notre consentement explicite.<\/p>\n\n<p>Le Client doit avoir l&rsquo;autorisation explicite par \u00e9crit du Vendeur pour r\u00e9utiliser nos produits \u00e0 des fins commerciales.<\/p>\n\n<p>Toute preuve d&rsquo;utilisation au d\u00e9tail sera passible d&rsquo;une demande d&rsquo;indemnisation pour le Vendeur, qui sera trait\u00e9e par le tribunal du domicile du Vendeur.<\/p>\n<h2>Atteinte \u00e0 la validit\u00e9 &#8211; non-renonciation<\/h2>\n<p>Si une disposition des pr\u00e9sentes Conditions g\u00e9n\u00e9rales est d\u00e9clar\u00e9e invalide, ill\u00e9gale ou nulle et non avenue, cela n&rsquo;affectera en aucun cas la validit\u00e9, la l\u00e9galit\u00e9 et l&rsquo;applicabilit\u00e9 des autres dispositions.<\/p>\n\n<p>Le fait que le Vendeur ne fasse pas valoir l&rsquo;un des droits \u00e9num\u00e9r\u00e9s dans les pr\u00e9sentes Conditions, ou n&rsquo;exerce aucun droit en la mati\u00e8re, ne sera jamais consid\u00e9r\u00e9 comme une renonciation \u00e0 cette disposition et n&rsquo;affectera jamais la validit\u00e9 de ces droits.<\/p>\n<h2>Modification des conditions g\u00e9n\u00e9rales<\/h2>\n<p>Les pr\u00e9sentes conditions g\u00e9n\u00e9rales sont compl\u00e9t\u00e9es par d&rsquo;autres conditions g\u00e9n\u00e9rales auxquelles il est fait explicitement r\u00e9f\u00e9rence et par les conditions g\u00e9n\u00e9rales de vente du vendeur. En cas de conflit, les pr\u00e9sentes conditions g\u00e9n\u00e9rales pr\u00e9valent.<\/p>\n<h2>Loi applicable<\/h2>\n<p>Le droit belge est applicable. En cas de litige, les tribunaux du domicile du Vendeur sont comp\u00e9tents.<\/p>\t\t\t\t\t\t\t\t<\/div>\n\t\t\t\t<\/div>\n\t\t\t\t\t<\/div>\n\t\t\t\t<\/div>\n\t\t\t\t<\/div>\n\t\t","protected":false},"excerpt":{"rendered":"<p>Dispositions g\u00e9n\u00e9rales La boutique en ligne Joy, sans gluten (\u00ab Vendeur \u00bb) offre \u00e0 ses clients la possibilit\u00e9 d&rsquo;acheter en ligne les produits de sa boutique en ligne. Les pr\u00e9sentes conditions g\u00e9n\u00e9rales (\u00ab Conditions g\u00e9n\u00e9rales \u00bb) s&rsquo;appliquent \u00e0 chaque commande pass\u00e9e par un visiteur de cette boutique en ligne de commerce \u00e9lectronique (\u00ab Client \u00bb). [&hellip;]<\/p>\n","protected":false},"author":1,"featured_media":0,"parent":0,"menu_order":0,"comment_status":"closed","ping_status":"closed","template":"elementor_header_footer","meta":{"footnotes":""},"class_list":["post-13552","page","type-page","status-publish","hentry"],"yoast_head":"<!-- This site is optimized with the Yoast SEO plugin v24.6 - https:\/\/yoast.com\/wordpress\/plugins\/seo\/ -->\n<title>Conditions g\u00e9n\u00e9rales - darkoct02<\/title>\n<meta name=\"robots\" content=\"index, follow, max-snippet:-1, max-image-preview:large, max-video-preview:-1\" \/>\n<link rel=\"canonical\" href=\"https:\/\/joygfbakery.com\/terms-condition\/\" \/>\n<meta property=\"og:locale\" content=\"fr_FR\" \/>\n<meta property=\"og:type\" content=\"article\" \/>\n<meta property=\"og:title\" content=\"Conditions g\u00e9n\u00e9rales - darkoct02\" \/>\n<meta property=\"og:description\" content=\"Dispositions g\u00e9n\u00e9rales La boutique en ligne Joy, sans gluten (\u00ab Vendeur \u00bb) offre \u00e0 ses clients la possibilit\u00e9 d&rsquo;acheter en ligne les produits de sa boutique en ligne. Les pr\u00e9sentes conditions g\u00e9n\u00e9rales (\u00ab Conditions g\u00e9n\u00e9rales \u00bb) s&rsquo;appliquent \u00e0 chaque commande pass\u00e9e par un visiteur de cette boutique en ligne de commerce \u00e9lectronique (\u00ab Client \u00bb). [&hellip;]\" \/>\n<meta property=\"og:url\" content=\"https:\/\/joygfbakery.com\/terms-condition\/\" \/>\n<meta property=\"og:site_name\" content=\"darkoct02\" \/>\n<meta property=\"article:modified_time\" content=\"2025-01-14T04:21:53+00:00\" \/>\n<meta name=\"twitter:card\" content=\"summary_large_image\" \/>\n<meta name=\"twitter:label1\" content=\"Dur\u00e9e de lecture estim\u00e9e\" \/>\n\t<meta name=\"twitter:data1\" content=\"6 minutes\" \/>\n<script type=\"application\/ld+json\" class=\"yoast-schema-graph\">{\"@context\":\"https:\/\/schema.org\",\"@graph\":[{\"@type\":\"WebPage\",\"@id\":\"https:\/\/joygfbakery.com\/terms-condition\/\",\"url\":\"https:\/\/joygfbakery.com\/terms-condition\/\",\"name\":\"Conditions g\u00e9n\u00e9rales - darkoct02\",\"isPartOf\":{\"@id\":\"https:\/\/joygfbakery.com\/#website\"},\"datePublished\":\"2021-10-28T10:00:09+00:00\",\"dateModified\":\"2025-01-14T04:21:53+00:00\",\"breadcrumb\":{\"@id\":\"https:\/\/joygfbakery.com\/terms-condition\/#breadcrumb\"},\"inLanguage\":\"fr-FR\",\"potentialAction\":[{\"@type\":\"ReadAction\",\"target\":[\"https:\/\/joygfbakery.com\/terms-condition\/\"]}]},{\"@type\":\"BreadcrumbList\",\"@id\":\"https:\/\/joygfbakery.com\/terms-condition\/#breadcrumb\",\"itemListElement\":[{\"@type\":\"ListItem\",\"position\":1,\"name\":\"Home\",\"item\":\"https:\/\/joygfbakery.com\/\"},{\"@type\":\"ListItem\",\"position\":2,\"name\":\"Conditions g\u00e9n\u00e9rales\"}]},{\"@type\":\"WebSite\",\"@id\":\"https:\/\/joygfbakery.com\/#website\",\"url\":\"https:\/\/joygfbakery.com\/\",\"name\":\"Joy Glutenfree Bakery\",\"description\":\"Artisanal, Gluten free, Lactose free &amp; Vegan Friendly\",\"publisher\":{\"@id\":\"https:\/\/joygfbakery.com\/#organization\"},\"potentialAction\":[{\"@type\":\"SearchAction\",\"target\":{\"@type\":\"EntryPoint\",\"urlTemplate\":\"https:\/\/joygfbakery.com\/?s={search_term_string}\"},\"query-input\":{\"@type\":\"PropertyValueSpecification\",\"valueRequired\":true,\"valueName\":\"search_term_string\"}}],\"inLanguage\":\"fr-FR\"},{\"@type\":\"Organization\",\"@id\":\"https:\/\/joygfbakery.com\/#organization\",\"name\":\"Joy Glutenfree Bakery\",\"url\":\"https:\/\/joygfbakery.com\/\",\"logo\":{\"@type\":\"ImageObject\",\"inLanguage\":\"fr-FR\",\"@id\":\"https:\/\/joygfbakery.com\/#\/schema\/logo\/image\/\",\"url\":\"https:\/\/joygfbakery.com\/wp-content\/uploads\/2024\/10\/cropped-LOGO-JOY-BAKERY.png\",\"contentUrl\":\"https:\/\/joygfbakery.com\/wp-content\/uploads\/2024\/10\/cropped-LOGO-JOY-BAKERY.png\",\"width\":999,\"height\":999,\"caption\":\"Joy Glutenfree Bakery\"},\"image\":{\"@id\":\"https:\/\/joygfbakery.com\/#\/schema\/logo\/image\/\"}}]}<\/script>\n<!-- \/ Yoast SEO plugin. -->","yoast_head_json":{"title":"Conditions g\u00e9n\u00e9rales - darkoct02","robots":{"index":"index","follow":"follow","max-snippet":"max-snippet:-1","max-image-preview":"max-image-preview:large","max-video-preview":"max-video-preview:-1"},"canonical":"https:\/\/joygfbakery.com\/terms-condition\/","og_locale":"fr_FR","og_type":"article","og_title":"Conditions g\u00e9n\u00e9rales - darkoct02","og_description":"Dispositions g\u00e9n\u00e9rales La boutique en ligne Joy, sans gluten (\u00ab Vendeur \u00bb) offre \u00e0 ses clients la possibilit\u00e9 d&rsquo;acheter en ligne les produits de sa boutique en ligne. Les pr\u00e9sentes conditions g\u00e9n\u00e9rales (\u00ab Conditions g\u00e9n\u00e9rales \u00bb) s&rsquo;appliquent \u00e0 chaque commande pass\u00e9e par un visiteur de cette boutique en ligne de commerce \u00e9lectronique (\u00ab Client \u00bb). [&hellip;]","og_url":"https:\/\/joygfbakery.com\/terms-condition\/","og_site_name":"darkoct02","article_modified_time":"2025-01-14T04:21:53+00:00","twitter_card":"summary_large_image","twitter_misc":{"Dur\u00e9e de lecture estim\u00e9e":"6 minutes"},"schema":{"@context":"https:\/\/schema.org","@graph":[{"@type":"WebPage","@id":"https:\/\/joygfbakery.com\/terms-condition\/","url":"https:\/\/joygfbakery.com\/terms-condition\/","name":"Conditions g\u00e9n\u00e9rales - darkoct02","isPartOf":{"@id":"https:\/\/joygfbakery.com\/#website"},"datePublished":"2021-10-28T10:00:09+00:00","dateModified":"2025-01-14T04:21:53+00:00","breadcrumb":{"@id":"https:\/\/joygfbakery.com\/terms-condition\/#breadcrumb"},"inLanguage":"fr-FR","potentialAction":[{"@type":"ReadAction","target":["https:\/\/joygfbakery.com\/terms-condition\/"]}]},{"@type":"BreadcrumbList","@id":"https:\/\/joygfbakery.com\/terms-condition\/#breadcrumb","itemListElement":[{"@type":"ListItem","position":1,"name":"Home","item":"https:\/\/joygfbakery.com\/"},{"@type":"ListItem","position":2,"name":"Conditions g\u00e9n\u00e9rales"}]},{"@type":"WebSite","@id":"https:\/\/joygfbakery.com\/#website","url":"https:\/\/joygfbakery.com\/","name":"Joy Glutenfree Bakery","description":"Artisanal, Gluten free, Lactose free &amp; Vegan Friendly","publisher":{"@id":"https:\/\/joygfbakery.com\/#organization"},"potentialAction":[{"@type":"SearchAction","target":{"@type":"EntryPoint","urlTemplate":"https:\/\/joygfbakery.com\/?s={search_term_string}"},"query-input":{"@type":"PropertyValueSpecification","valueRequired":true,"valueName":"search_term_string"}}],"inLanguage":"fr-FR"},{"@type":"Organization","@id":"https:\/\/joygfbakery.com\/#organization","name":"Joy Glutenfree Bakery","url":"https:\/\/joygfbakery.com\/","logo":{"@type":"ImageObject","inLanguage":"fr-FR","@id":"https:\/\/joygfbakery.com\/#\/schema\/logo\/image\/","url":"https:\/\/joygfbakery.com\/wp-content\/uploads\/2024\/10\/cropped-LOGO-JOY-BAKERY.png","contentUrl":"https:\/\/joygfbakery.com\/wp-content\/uploads\/2024\/10\/cropped-LOGO-JOY-BAKERY.png","width":999,"height":999,"caption":"Joy Glutenfree Bakery"},"image":{"@id":"https:\/\/joygfbakery.com\/#\/schema\/logo\/image\/"}}]}},"_links":{"self":[{"href":"https:\/\/joygfbakery.com\/fr\/wp-json\/wp\/v2\/pages\/13552","targetHints":{"allow":["GET"]}}],"collection":[{"href":"https:\/\/joygfbakery.com\/fr\/wp-json\/wp\/v2\/pages"}],"about":[{"href":"https:\/\/joygfbakery.com\/fr\/wp-json\/wp\/v2\/types\/page"}],"author":[{"embeddable":true,"href":"https:\/\/joygfbakery.com\/fr\/wp-json\/wp\/v2\/users\/1"}],"replies":[{"embeddable":true,"href":"https:\/\/joygfbakery.com\/fr\/wp-json\/wp\/v2\/comments?post=13552"}],"version-history":[{"count":7,"href":"https:\/\/joygfbakery.com\/fr\/wp-json\/wp\/v2\/pages\/13552\/revisions"}],"predecessor-version":[{"id":13576,"href":"https:\/\/joygfbakery.com\/fr\/wp-json\/wp\/v2\/pages\/13552\/revisions\/13576"}],"wp:attachment":[{"href":"https:\/\/joygfbakery.com\/fr\/wp-json\/wp\/v2\/media?parent=13552"}],"curies":[{"name":"wp","href":"https:\/\/api.w.org\/{rel}","templated":true}]}}