{"id":12575,"date":"2024-12-06T17:38:21","date_gmt":"2024-12-06T17:38:21","guid":{"rendered":"https:\/\/joygfbakery.com\/thank-you\/"},"modified":"2024-12-23T16:17:23","modified_gmt":"2024-12-23T16:17:23","slug":"thank-you","status":"publish","type":"page","link":"https:\/\/joygfbakery.com\/fr\/thank-you\/","title":{"rendered":"Merci"},"content":{"rendered":"<p>Merci d&rsquo;avoir pass\u00e9 votre commande chez Joy, boulangerie sans gluten ! Nous appr\u00e9cions sinc\u00e8rement votre confiance en nos produits et nous nous engageons \u00e0 vous offrir la meilleure exp\u00e9rience possible. <\/p><p>Votre commande est en cours de traitement et sera pr\u00eate pour vous en fonction de votre demande. Si vous avez choisi l&rsquo;option \u00ab livraison \u00bb, il est possible que nous vous contactions pour modifier le cr\u00e9neau horaire de livraison, en fonction de notre planification d&rsquo;itin\u00e9raire.<br\/>Si vous avez des questions ou si vous avez besoin d&rsquo;aide, n&rsquo;h\u00e9sitez pas \u00e0 nous contacter en \u00e9crivant \u00e0 joygfbakery@gmail.com <\/p><p><\/p>","protected":false},"excerpt":{"rendered":"<p>Merci d&rsquo;avoir pass\u00e9 votre commande chez Joy, boulangerie sans gluten ! Nous appr\u00e9cions sinc\u00e8rement votre confiance en nos produits et nous nous engageons \u00e0 vous offrir la meilleure exp\u00e9rience possible. Votre commande est en cours de traitement et sera pr\u00eate pour vous en fonction de votre demande. Si vous avez choisi l&rsquo;option \u00ab livraison \u00bb, [&hellip;]<\/p>\n","protected":false},"author":1,"featured_media":0,"parent":0,"menu_order":0,"comment_status":"closed","ping_status":"closed","template":"","meta":{"footnotes":""},"class_list":["post-12575","page","type-page","status-publish","hentry"],"yoast_head":"<!-- This site is optimized with the Yoast SEO plugin v24.6 - https:\/\/yoast.com\/wordpress\/plugins\/seo\/ -->\n<title>Merci - darkoct02<\/title>\n<meta name=\"robots\" content=\"index, follow, max-snippet:-1, max-image-preview:large, max-video-preview:-1\" \/>\n<link rel=\"canonical\" href=\"https:\/\/joygfbakery.com\/thank-you\/\" \/>\n<meta property=\"og:locale\" content=\"fr_FR\" \/>\n<meta property=\"og:type\" content=\"article\" \/>\n<meta property=\"og:title\" content=\"Merci - darkoct02\" \/>\n<meta property=\"og:description\" content=\"Merci d&rsquo;avoir pass\u00e9 votre commande chez Joy, boulangerie sans gluten ! Nous appr\u00e9cions sinc\u00e8rement votre confiance en nos produits et nous nous engageons \u00e0 vous offrir la meilleure exp\u00e9rience possible. Votre commande est en cours de traitement et sera pr\u00eate pour vous en fonction de votre demande. Si vous avez choisi l&rsquo;option \u00ab livraison \u00bb, [&hellip;]\" \/>\n<meta property=\"og:url\" content=\"https:\/\/joygfbakery.com\/thank-you\/\" \/>\n<meta property=\"og:site_name\" content=\"darkoct02\" \/>\n<meta property=\"article:modified_time\" content=\"2024-12-23T16:17:23+00:00\" \/>\n<meta name=\"twitter:card\" content=\"summary_large_image\" \/>\n<script type=\"application\/ld+json\" class=\"yoast-schema-graph\">{\"@context\":\"https:\/\/schema.org\",\"@graph\":[{\"@type\":\"WebPage\",\"@id\":\"https:\/\/joygfbakery.com\/thank-you\/\",\"url\":\"https:\/\/joygfbakery.com\/thank-you\/\",\"name\":\"Merci - darkoct02\",\"isPartOf\":{\"@id\":\"https:\/\/joygfbakery.com\/#website\"},\"datePublished\":\"2024-12-06T17:38:21+00:00\",\"dateModified\":\"2024-12-23T16:17:23+00:00\",\"breadcrumb\":{\"@id\":\"https:\/\/joygfbakery.com\/thank-you\/#breadcrumb\"},\"inLanguage\":\"fr-FR\",\"potentialAction\":[{\"@type\":\"ReadAction\",\"target\":[\"https:\/\/joygfbakery.com\/thank-you\/\"]}]},{\"@type\":\"BreadcrumbList\",\"@id\":\"https:\/\/joygfbakery.com\/thank-you\/#breadcrumb\",\"itemListElement\":[{\"@type\":\"ListItem\",\"position\":1,\"name\":\"Home\",\"item\":\"https:\/\/joygfbakery.com\/\"},{\"@type\":\"ListItem\",\"position\":2,\"name\":\"Merci\"}]},{\"@type\":\"WebSite\",\"@id\":\"https:\/\/joygfbakery.com\/#website\",\"url\":\"https:\/\/joygfbakery.com\/\",\"name\":\"Joy Glutenfree Bakery\",\"description\":\"Artisanal, Gluten free, Lactose free &amp; Vegan Friendly\",\"publisher\":{\"@id\":\"https:\/\/joygfbakery.com\/#organization\"},\"potentialAction\":[{\"@type\":\"SearchAction\",\"target\":{\"@type\":\"EntryPoint\",\"urlTemplate\":\"https:\/\/joygfbakery.com\/?s={search_term_string}\"},\"query-input\":{\"@type\":\"PropertyValueSpecification\",\"valueRequired\":true,\"valueName\":\"search_term_string\"}}],\"inLanguage\":\"fr-FR\"},{\"@type\":\"Organization\",\"@id\":\"https:\/\/joygfbakery.com\/#organization\",\"name\":\"Joy Glutenfree Bakery\",\"url\":\"https:\/\/joygfbakery.com\/\",\"logo\":{\"@type\":\"ImageObject\",\"inLanguage\":\"fr-FR\",\"@id\":\"https:\/\/joygfbakery.com\/#\/schema\/logo\/image\/\",\"url\":\"https:\/\/joygfbakery.com\/wp-content\/uploads\/2024\/10\/cropped-LOGO-JOY-BAKERY.png\",\"contentUrl\":\"https:\/\/joygfbakery.com\/wp-content\/uploads\/2024\/10\/cropped-LOGO-JOY-BAKERY.png\",\"width\":999,\"height\":999,\"caption\":\"Joy Glutenfree Bakery\"},\"image\":{\"@id\":\"https:\/\/joygfbakery.com\/#\/schema\/logo\/image\/\"}}]}<\/script>\n<!-- \/ Yoast SEO plugin. -->","yoast_head_json":{"title":"Merci - darkoct02","robots":{"index":"index","follow":"follow","max-snippet":"max-snippet:-1","max-image-preview":"max-image-preview:large","max-video-preview":"max-video-preview:-1"},"canonical":"https:\/\/joygfbakery.com\/thank-you\/","og_locale":"fr_FR","og_type":"article","og_title":"Merci - darkoct02","og_description":"Merci d&rsquo;avoir pass\u00e9 votre commande chez Joy, boulangerie sans gluten ! Nous appr\u00e9cions sinc\u00e8rement votre confiance en nos produits et nous nous engageons \u00e0 vous offrir la meilleure exp\u00e9rience possible. Votre commande est en cours de traitement et sera pr\u00eate pour vous en fonction de votre demande. Si vous avez choisi l&rsquo;option \u00ab livraison \u00bb, [&hellip;]","og_url":"https:\/\/joygfbakery.com\/thank-you\/","og_site_name":"darkoct02","article_modified_time":"2024-12-23T16:17:23+00:00","twitter_card":"summary_large_image","schema":{"@context":"https:\/\/schema.org","@graph":[{"@type":"WebPage","@id":"https:\/\/joygfbakery.com\/thank-you\/","url":"https:\/\/joygfbakery.com\/thank-you\/","name":"Merci - darkoct02","isPartOf":{"@id":"https:\/\/joygfbakery.com\/#website"},"datePublished":"2024-12-06T17:38:21+00:00","dateModified":"2024-12-23T16:17:23+00:00","breadcrumb":{"@id":"https:\/\/joygfbakery.com\/thank-you\/#breadcrumb"},"inLanguage":"fr-FR","potentialAction":[{"@type":"ReadAction","target":["https:\/\/joygfbakery.com\/thank-you\/"]}]},{"@type":"BreadcrumbList","@id":"https:\/\/joygfbakery.com\/thank-you\/#breadcrumb","itemListElement":[{"@type":"ListItem","position":1,"name":"Home","item":"https:\/\/joygfbakery.com\/"},{"@type":"ListItem","position":2,"name":"Merci"}]},{"@type":"WebSite","@id":"https:\/\/joygfbakery.com\/#website","url":"https:\/\/joygfbakery.com\/","name":"Joy Glutenfree Bakery","description":"Artisanal, Gluten free, Lactose free &amp; Vegan Friendly","publisher":{"@id":"https:\/\/joygfbakery.com\/#organization"},"potentialAction":[{"@type":"SearchAction","target":{"@type":"EntryPoint","urlTemplate":"https:\/\/joygfbakery.com\/?s={search_term_string}"},"query-input":{"@type":"PropertyValueSpecification","valueRequired":true,"valueName":"search_term_string"}}],"inLanguage":"fr-FR"},{"@type":"Organization","@id":"https:\/\/joygfbakery.com\/#organization","name":"Joy Glutenfree Bakery","url":"https:\/\/joygfbakery.com\/","logo":{"@type":"ImageObject","inLanguage":"fr-FR","@id":"https:\/\/joygfbakery.com\/#\/schema\/logo\/image\/","url":"https:\/\/joygfbakery.com\/wp-content\/uploads\/2024\/10\/cropped-LOGO-JOY-BAKERY.png","contentUrl":"https:\/\/joygfbakery.com\/wp-content\/uploads\/2024\/10\/cropped-LOGO-JOY-BAKERY.png","width":999,"height":999,"caption":"Joy Glutenfree Bakery"},"image":{"@id":"https:\/\/joygfbakery.com\/#\/schema\/logo\/image\/"}}]}},"_links":{"self":[{"href":"https:\/\/joygfbakery.com\/fr\/wp-json\/wp\/v2\/pages\/12575","targetHints":{"allow":["GET"]}}],"collection":[{"href":"https:\/\/joygfbakery.com\/fr\/wp-json\/wp\/v2\/pages"}],"about":[{"href":"https:\/\/joygfbakery.com\/fr\/wp-json\/wp\/v2\/types\/page"}],"author":[{"embeddable":true,"href":"https:\/\/joygfbakery.com\/fr\/wp-json\/wp\/v2\/users\/1"}],"replies":[{"embeddable":true,"href":"https:\/\/joygfbakery.com\/fr\/wp-json\/wp\/v2\/comments?post=12575"}],"version-history":[{"count":2,"href":"https:\/\/joygfbakery.com\/fr\/wp-json\/wp\/v2\/pages\/12575\/revisions"}],"predecessor-version":[{"id":12577,"href":"https:\/\/joygfbakery.com\/fr\/wp-json\/wp\/v2\/pages\/12575\/revisions\/12577"}],"wp:attachment":[{"href":"https:\/\/joygfbakery.com\/fr\/wp-json\/wp\/v2\/media?parent=12575"}],"curies":[{"name":"wp","href":"https:\/\/api.w.org\/{rel}","templated":true}]}}