{"id":12144,"date":"2024-11-27T11:51:53","date_gmt":"2024-11-27T11:51:53","guid":{"rendered":"https:\/\/joygfbakery.com\/contactez-nous-2\/"},"modified":"2025-07-24T14:20:41","modified_gmt":"2025-07-24T14:20:41","slug":"contactez-nous-2","status":"publish","type":"page","link":"https:\/\/joygfbakery.com\/fr\/contactez-nous-2\/","title":{"rendered":"Contactez-nous"},"content":{"rendered":"\t\t<div data-elementor-type=\"wp-page\" data-elementor-id=\"12144\" class=\"elementor elementor-12144 elementor-11733\" data-elementor-post-type=\"page\">\n\t\t\t\t\t\t<div class=\"elementor-section elementor-top-section elementor-element elementor-element-fe24619 elementor-section-height-min-height elementor-section-stretched elementor-section-boxed elementor-section-height-default elementor-section-items-middle\" data-id=\"fe24619\" data-element_type=\"section\" data-settings=\"{&quot;stretch_section&quot;:&quot;section-stretched&quot;,&quot;background_background&quot;:&quot;classic&quot;}\">\n\t\t\t\t\t\t\t<div class=\"elementor-background-overlay\"><\/div>\n\t\t\t\t\t\t\t<div class=\"elementor-container elementor-column-gap-no\">\n\t\t\t\t\t<div class=\"elementor-column elementor-col-100 elementor-top-column elementor-element elementor-element-3df717e\" data-id=\"3df717e\" data-element_type=\"column\">\n\t\t\t<div class=\"elementor-widget-wrap elementor-element-populated\">\n\t\t\t\t\t\t<div class=\"elementor-element elementor-element-4db7d8e elementor-widget elementor-widget-heading\" data-id=\"4db7d8e\" data-element_type=\"widget\" data-widget_type=\"heading.default\">\n\t\t\t\t<div class=\"elementor-widget-container\">\n\t\t\t\t\t<h2 class=\"elementor-heading-title elementor-size-default\">Contactez nous  <\/h2>\t\t\t\t<\/div>\n\t\t\t\t<\/div>\n\t\t\t\t<div class=\"elementor-element elementor-element-f65e551 elementor-hidden-desktop elementor-hidden-tablet elementor-hidden-mobile elementor-widget elementor-widget-woocommerce-breadcrumb\" data-id=\"f65e551\" data-element_type=\"widget\" data-widget_type=\"woocommerce-breadcrumb.default\">\n\t\t\t\t<div class=\"elementor-widget-container\">\n\t\t\t\t\t<nav class=\"woocommerce-breadcrumb\" aria-label=\"Breadcrumb\">Accueil<\/nav>\t\t\t\t<\/div>\n\t\t\t\t<\/div>\n\t\t\t\t\t<\/div>\n\t\t<\/div>\n\t\t\t\t\t<\/div>\n\t\t<\/div>\n\t\t<div class=\"elementor-element elementor-element-2c4c52a e-flex e-con-boxed e-con e-parent\" data-id=\"2c4c52a\" data-element_type=\"container\">\n\t\t\t\t\t<div class=\"e-con-inner\">\n\t\t\t\t\t<\/div>\n\t\t\t\t<\/div>\n\t\t\t\t<div class=\"elementor-section elementor-top-section elementor-element elementor-element-ceabf60 elementor-section-stretched elementor-section-boxed elementor-section-height-default elementor-section-height-default\" data-id=\"ceabf60\" data-element_type=\"section\" data-settings=\"{&quot;stretch_section&quot;:&quot;section-stretched&quot;,&quot;background_background&quot;:&quot;classic&quot;}\">\n\t\t\t\t\t\t<div class=\"elementor-container elementor-column-gap-no\">\n\t\t\t\t\t<div class=\"elementor-column elementor-col-100 elementor-top-column elementor-element elementor-element-7f3760a\" data-id=\"7f3760a\" data-element_type=\"column\">\n\t\t\t<div class=\"elementor-widget-wrap elementor-element-populated\">\n\t\t\t\t\t\t<div class=\"elementor-element elementor-element-0b4f5f7 elementor-widget elementor-widget-heading\" data-id=\"0b4f5f7\" data-element_type=\"widget\" data-widget_type=\"heading.default\">\n\t\t\t\t<div class=\"elementor-widget-container\">\n\t\t\t\t\t<h4 class=\"elementor-heading-title elementor-size-default\">CONTACTEZ-MOI<\/h4>\t\t\t\t<\/div>\n\t\t\t\t<\/div>\n\t\t\t\t<div class=\"elementor-element elementor-element-4e853c7 elementor-widget__width-initial elementor-widget elementor-widget-heading\" data-id=\"4e853c7\" data-element_type=\"widget\" data-widget_type=\"heading.default\">\n\t\t\t\t<div class=\"elementor-widget-container\">\n\t\t\t\t\t<h2 class=\"elementor-heading-title elementor-size-default\">Comment fonctionne Joy ?<\/h2>\t\t\t\t<\/div>\n\t\t\t\t<\/div>\n\t\t\t\t<div class=\"elementor-element elementor-element-ec02735 elementor-widget__width-inherit elementor-widget elementor-widget-text-editor\" data-id=\"ec02735\" data-element_type=\"widget\" data-widget_type=\"text-editor.default\">\n\t\t\t\t<div class=\"elementor-widget-container\">\n\t\t\t\t\t\t\t\t\t<p>Je produis de mani\u00e8re artisanale et uniquement sur commande, afin d&rsquo;\u00e9viter tout gaspillage (\u00e9lectricit\u00e9, mati\u00e8res premi\u00e8res et produits finis).<\/p>\n<p><strong>Mes gourmandises sont donc fra\u00eechement pr\u00e9par\u00e9es par mes soins, sp\u00e9cialement pour vous ; <br \/>. C&rsquo;est pourquoi je demande un minimum de commande de 28\u20ac.<br \/><\/strong><span style=\"color: var( --e-global-color-text );\">Vous pouvez faire enlever vos friandises \u00e0 mon labo ou les faire livrer, les deux sur rendez-vous.<\/span><\/p>\n\t\t\t\t\t\t\t\t<\/div>\n\t\t\t\t<\/div>\n\t\t\t\t<div class=\"elementor-element elementor-element-1ea45e0 elementor-widget__width-inherit elementor-widget elementor-widget-text-editor\" data-id=\"1ea45e0\" data-element_type=\"widget\" data-widget_type=\"text-editor.default\">\n\t\t\t\t<div class=\"elementor-widget-container\">\n\t\t\t\t\t\t\t\t\t<p><strong>Pour une demande sp\u00e9ciale, veuillez me contacter \u00e0 l&rsquo;adresse suivante : joygfbakery@gmail.com<\/strong><\/p>\n\t\t\t\t\t\t\t\t<\/div>\n\t\t\t\t<\/div>\n\t\t\t\t\t<\/div>\n\t\t<\/div>\n\t\t\t\t\t<\/div>\n\t\t<\/div>\n\t\t\t\t<div class=\"elementor-section elementor-top-section elementor-element elementor-element-0349eb4 elementor-section-full_width elementor-section-stretched elementor-section-height-default elementor-section-height-default\" data-id=\"0349eb4\" data-element_type=\"section\" data-settings=\"{&quot;stretch_section&quot;:&quot;section-stretched&quot;,&quot;background_background&quot;:&quot;classic&quot;}\">\n\t\t\t\t\t\t<div class=\"elementor-container elementor-column-gap-no\">\n\t\t\t\t\t<div class=\"elementor-column elementor-col-100 elementor-top-column elementor-element elementor-element-2c44dc3\" data-id=\"2c44dc3\" data-element_type=\"column\" data-settings=\"{&quot;background_background&quot;:&quot;classic&quot;}\">\n\t\t\t<div class=\"elementor-widget-wrap elementor-element-populated\">\n\t\t\t\t\t\t<div class=\"elementor-section elementor-inner-section elementor-element elementor-element-88a4408 elementor-section-boxed elementor-section-height-default elementor-section-height-default\" data-id=\"88a4408\" data-element_type=\"section\">\n\t\t\t\t\t\t<div class=\"elementor-container elementor-column-gap-no\">\n\t\t\t\t\t<div class=\"elementor-column elementor-col-50 elementor-inner-column elementor-element elementor-element-00c572d\" data-id=\"00c572d\" data-element_type=\"column\">\n\t\t\t<div class=\"elementor-widget-wrap elementor-element-populated\">\n\t\t\t\t\t\t<div class=\"elementor-element elementor-element-e607bed elementor-widget elementor-widget-image\" data-id=\"e607bed\" data-element_type=\"widget\" data-widget_type=\"image.default\">\n\t\t\t\t<div class=\"elementor-widget-container\">\n\t\t\t\t\t\t\t\t\t\t\t\t\t\t\t<img fetchpriority=\"high\" decoding=\"async\" width=\"600\" height=\"360\" src=\"https:\/\/joygfbakery.com\/wp-content\/uploads\/2021\/11\/About_08.png\" class=\"elementor-animation-bob attachment-full size-full wp-image-1385\" alt=\"\" srcset=\"https:\/\/joygfbakery.com\/wp-content\/uploads\/2021\/11\/About_08.png 600w, https:\/\/joygfbakery.com\/wp-content\/uploads\/2021\/11\/About_08-450x270.png 450w, https:\/\/joygfbakery.com\/wp-content\/uploads\/2021\/11\/About_08-300x180.png 300w\" sizes=\"(max-width: 600px) 100vw, 600px\" \/>\t\t\t\t\t\t\t\t\t\t\t\t\t\t\t<\/div>\n\t\t\t\t<\/div>\n\t\t\t\t<div class=\"elementor-element elementor-element-ba7aeeb elementor-widget elementor-widget-heading\" data-id=\"ba7aeeb\" data-element_type=\"widget\" data-widget_type=\"heading.default\">\n\t\t\t\t<div class=\"elementor-widget-container\">\n\t\t\t\t\t<h2 class=\"elementor-heading-title elementor-size-default\">Click &amp; collect<\/h2>\t\t\t\t<\/div>\n\t\t\t\t<\/div>\n\t\t\t\t<div class=\"elementor-element elementor-element-9340a79 elementor-widget elementor-widget-text-editor\" data-id=\"9340a79\" data-element_type=\"widget\" data-widget_type=\"text-editor.default\">\n\t\t\t\t<div class=\"elementor-widget-container\">\n\t\t\t\t\t\t\t\t\t<p>Rue Philippe Le Bon 56, 1000 Bruxelles<\/p>\n\t\t\t\t\t\t\t\t<\/div>\n\t\t\t\t<\/div>\n\t\t\t\t<div class=\"elementor-element elementor-element-43baa6d elementor-widget elementor-widget-heading\" data-id=\"43baa6d\" data-element_type=\"widget\" data-widget_type=\"heading.default\">\n\t\t\t\t<div class=\"elementor-widget-container\">\n\t\t\t\t\t<h2 class=\"elementor-heading-title elementor-size-default\">Heures d'ouverture du magasin<\/h2>\t\t\t\t<\/div>\n\t\t\t\t<\/div>\n\t\t\t\t<div class=\"elementor-element elementor-element-aafc16f elementor-widget elementor-widget-text-editor\" data-id=\"aafc16f\" data-element_type=\"widget\" data-widget_type=\"text-editor.default\">\n\t\t\t\t<div class=\"elementor-widget-container\">\n\t\t\t\t\t\t\t\t\tVendredi : 18-20<br> Samedi : 9.30-12.30<br> Dimanche 9.30-12  \t\t\t\t\t\t\t\t<\/div>\n\t\t\t\t<\/div>\n\t\t\t\t\t<\/div>\n\t\t<\/div>\n\t\t\t\t<div class=\"elementor-column elementor-col-50 elementor-inner-column elementor-element elementor-element-6bd1128\" data-id=\"6bd1128\" data-element_type=\"column\">\n\t\t\t<div class=\"elementor-widget-wrap elementor-element-populated\">\n\t\t\t\t\t\t<div class=\"elementor-element elementor-element-165e49f elementor-widget elementor-widget-image\" data-id=\"165e49f\" data-element_type=\"widget\" data-widget_type=\"image.default\">\n\t\t\t\t<div class=\"elementor-widget-container\">\n\t\t\t\t\t\t\t\t\t\t\t\t\t\t\t<img decoding=\"async\" width=\"600\" height=\"360\" src=\"https:\/\/joygfbakery.com\/wp-content\/uploads\/2021\/11\/About_07.png\" class=\"elementor-animation-bob attachment-full size-full wp-image-1384\" alt=\"\" srcset=\"https:\/\/joygfbakery.com\/wp-content\/uploads\/2021\/11\/About_07.png 600w, https:\/\/joygfbakery.com\/wp-content\/uploads\/2021\/11\/About_07-450x270.png 450w, https:\/\/joygfbakery.com\/wp-content\/uploads\/2021\/11\/About_07-300x180.png 300w\" sizes=\"(max-width: 600px) 100vw, 600px\" \/>\t\t\t\t\t\t\t\t\t\t\t\t\t\t\t<\/div>\n\t\t\t\t<\/div>\n\t\t\t\t<div class=\"elementor-element elementor-element-56d4c50 elementor-widget elementor-widget-heading\" data-id=\"56d4c50\" data-element_type=\"widget\" data-widget_type=\"heading.default\">\n\t\t\t\t<div class=\"elementor-widget-container\">\n\t\t\t\t\t<h2 class=\"elementor-heading-title elementor-size-default\">Livraison<\/h2>\t\t\t\t<\/div>\n\t\t\t\t<\/div>\n\t\t\t\t<div class=\"elementor-element elementor-element-a1d1dc6 elementor-widget elementor-widget-text-editor\" data-id=\"a1d1dc6\" data-element_type=\"widget\" data-widget_type=\"text-editor.default\">\n\t\t\t\t<div class=\"elementor-widget-container\">\n\t\t\t\t\t\t\t\t\t<p>Bruxelles et ses environs (+\/- 10 km)<\/p>\n\t\t\t\t\t\t\t\t<\/div>\n\t\t\t\t<\/div>\n\t\t\t\t<div class=\"elementor-element elementor-element-f813fdb elementor-widget elementor-widget-heading\" data-id=\"f813fdb\" data-element_type=\"widget\" data-widget_type=\"heading.default\">\n\t\t\t\t<div class=\"elementor-widget-container\">\n\t\t\t\t\t<h2 class=\"elementor-heading-title elementor-size-default\">Livraisons en dehors de Bruxelles<br>possible sur devis<\/h2>\t\t\t\t<\/div>\n\t\t\t\t<\/div>\n\t\t\t\t<div class=\"elementor-element elementor-element-b1845dd elementor-widget elementor-widget-text-editor\" data-id=\"b1845dd\" data-element_type=\"widget\" data-widget_type=\"text-editor.default\">\n\t\t\t\t<div class=\"elementor-widget-container\">\n\t\t\t\t\t\t\t\t\t<p>Samedi : 9.30-12.30<\/p>\n\t\t\t\t\t\t\t\t<\/div>\n\t\t\t\t<\/div>\n\t\t\t\t<div class=\"elementor-element elementor-element-59b9b22 elementor-widget elementor-widget-text-editor\" data-id=\"59b9b22\" data-element_type=\"widget\" data-widget_type=\"text-editor.default\">\n\t\t\t\t<div class=\"elementor-widget-container\">\n\t\t\t\t\t\t\t\t\t<p>Dimanche : 9h30-12h<\/p>\n\t\t\t\t\t\t\t\t<\/div>\n\t\t\t\t<\/div>\n\t\t\t\t\t<\/div>\n\t\t<\/div>\n\t\t\t\t\t<\/div>\n\t\t<\/div>\n\t\t\t\t\t<\/div>\n\t\t<\/div>\n\t\t\t\t\t<\/div>\n\t\t<\/div>\n\t\t\t\t<div class=\"elementor-section elementor-top-section elementor-element elementor-element-acdd72d elementor-section-stretched elementor-section-boxed elementor-section-height-default elementor-section-height-default\" data-id=\"acdd72d\" data-element_type=\"section\" data-settings=\"{&quot;stretch_section&quot;:&quot;section-stretched&quot;,&quot;background_background&quot;:&quot;classic&quot;}\">\n\t\t\t\t\t\t<div class=\"elementor-container elementor-column-gap-no\">\n\t\t\t\t\t<div class=\"elementor-column elementor-col-100 elementor-top-column elementor-element elementor-element-91f867f\" data-id=\"91f867f\" data-element_type=\"column\">\n\t\t\t<div class=\"elementor-widget-wrap elementor-element-populated\">\n\t\t\t\t\t\t<div class=\"elementor-element elementor-element-ea51a34 elementor-widget__width-initial elementor-widget elementor-widget-text-editor\" data-id=\"ea51a34\" data-element_type=\"widget\" data-widget_type=\"text-editor.default\">\n\t\t\t\t<div class=\"elementor-widget-container\">\n\t\t\t\t\t\t\t\t\t<p><strong>Certains produits peuvent \u00eatre exp\u00e9di\u00e9s par Bpost dans toute la Belgique, les Pays-Bas, la France, le Luxembourg et l&rsquo;Allemagne. V\u00e9rifiez sur les pages des produits sp\u00e9cifiques Pour une demande sp\u00e9ciale, veuillez me contacter \u00e0 joygfbakery@gmail.com <\/strong><\/p>\n\t\t\t\t\t\t\t\t<\/div>\n\t\t\t\t<\/div>\n\t\t\t\t\t<\/div>\n\t\t<\/div>\n\t\t\t\t\t<\/div>\n\t\t<\/div>\n\t\t\t\t<div class=\"elementor-section elementor-top-section elementor-element elementor-element-e2a89a4 elementor-section-stretched elementor-section-boxed elementor-section-height-default elementor-section-height-default\" data-id=\"e2a89a4\" data-element_type=\"section\" data-settings=\"{&quot;stretch_section&quot;:&quot;section-stretched&quot;,&quot;background_background&quot;:&quot;classic&quot;}\">\n\t\t\t\t\t\t<div class=\"elementor-container elementor-column-gap-no\">\n\t\t\t\t\t<div class=\"elementor-column elementor-col-33 elementor-top-column elementor-element elementor-element-4569167\" data-id=\"4569167\" data-element_type=\"column\">\n\t\t\t<div class=\"elementor-widget-wrap elementor-element-populated\">\n\t\t\t\t\t\t<div class=\"elementor-element elementor-element-dcd67ef elementor-position-left elementor-widget-mobile__width-inherit elementor-widget__width-initial elementor-view-default elementor-mobile-position-top elementor-vertical-align-top elementor-widget elementor-widget-icon-box\" data-id=\"dcd67ef\" data-element_type=\"widget\" data-widget_type=\"icon-box.default\">\n\t\t\t\t<div class=\"elementor-widget-container\">\n\t\t\t\t\t\t\t<div class=\"elementor-icon-box-wrapper\">\n\n\t\t\t\t\t\t<div class=\"elementor-icon-box-icon\">\n\t\t\t\t<span  class=\"elementor-icon\">\n\t\t\t\t<i aria-hidden=\"true\" class=\"xocora-icon- xocora-icon-user\"><\/i>\t\t\t\t<\/span>\n\t\t\t<\/div>\n\t\t\t\n\t\t\t\t\t\t<div class=\"elementor-icon-box-content\">\n\n\t\t\t\t\t\t\t\t\t<h3 class=\"elementor-icon-box-title\">\n\t\t\t\t\t\t<span  >\n\t\t\t\t\t\t\tContact\t\t\t\t\t\t<\/span>\n\t\t\t\t\t<\/h3>\n\t\t\t\t\n\t\t\t\t\n\t\t\t<\/div>\n\t\t\t\n\t\t<\/div>\n\t\t\t\t\t\t<\/div>\n\t\t\t\t<\/div>\n\t\t\t\t\t<\/div>\n\t\t<\/div>\n\t\t\t\t<div class=\"elementor-column elementor-col-33 elementor-top-column elementor-element elementor-element-8493b83\" data-id=\"8493b83\" data-element_type=\"column\">\n\t\t\t<div class=\"elementor-widget-wrap elementor-element-populated\">\n\t\t\t\t\t\t\t<\/div>\n\t\t<\/div>\n\t\t\t\t<div class=\"elementor-column elementor-col-33 elementor-top-column elementor-element elementor-element-f1a9a71\" data-id=\"f1a9a71\" data-element_type=\"column\">\n\t\t\t<div class=\"elementor-widget-wrap elementor-element-populated\">\n\t\t\t\t\t\t<div class=\"elementor-element elementor-element-d8b74da elementor-position-left elementor-widget__width-initial elementor-widget-mobile__width-inherit elementor-view-default elementor-mobile-position-top elementor-vertical-align-top elementor-widget elementor-widget-icon-box\" data-id=\"d8b74da\" data-element_type=\"widget\" data-widget_type=\"icon-box.default\">\n\t\t\t\t<div class=\"elementor-widget-container\">\n\t\t\t\t\t\t\t<div class=\"elementor-icon-box-wrapper\">\n\n\t\t\t\t\t\t<div class=\"elementor-icon-box-icon\">\n\t\t\t\t<span  class=\"elementor-icon\">\n\t\t\t\t<i aria-hidden=\"true\" class=\"xocora-icon- xocora-icon-envelope\"><\/i>\t\t\t\t<\/span>\n\t\t\t<\/div>\n\t\t\t\n\t\t\t\t\t\t<div class=\"elementor-icon-box-content\">\n\n\t\t\t\t\t\t\t\t\t<h3 class=\"elementor-icon-box-title\">\n\t\t\t\t\t\t<span  >\n\t\t\t\t\t\t\tCourriel\t\t\t\t\t\t<\/span>\n\t\t\t\t\t<\/h3>\n\t\t\t\t\n\t\t\t\t\t\t\t\t\t<p class=\"elementor-icon-box-description\">\n\t\t\t\t\t\tjoygfbakery@gmail.com\t\t\t\t\t<\/p>\n\t\t\t\t\n\t\t\t<\/div>\n\t\t\t\n\t\t<\/div>\n\t\t\t\t\t\t<\/div>\n\t\t\t\t<\/div>\n\t\t\t\t\t<\/div>\n\t\t<\/div>\n\t\t\t\t\t<\/div>\n\t\t<\/div>\n\t\t\t\t<\/div>\n\t\t","protected":false},"excerpt":{"rendered":"<p>Contactez nous CONTACTEZ-MOI Comment fonctionne Joy ? Je produis de mani\u00e8re artisanale et uniquement sur commande, afin d&rsquo;\u00e9viter tout gaspillage (\u00e9lectricit\u00e9, mati\u00e8res premi\u00e8res et produits finis). Mes gourmandises sont donc fra\u00eechement pr\u00e9par\u00e9es par mes soins, sp\u00e9cialement pour vous ; . C&rsquo;est pourquoi je demande un minimum de commande de 28\u20ac.Vous pouvez faire enlever vos friandises [&hellip;]<\/p>\n","protected":false},"author":1,"featured_media":0,"parent":0,"menu_order":0,"comment_status":"closed","ping_status":"closed","template":"template-homepage.php","meta":{"footnotes":""},"class_list":["post-12144","page","type-page","status-publish","hentry"],"yoast_head":"<!-- This site is optimized with the Yoast SEO plugin v24.6 - https:\/\/yoast.com\/wordpress\/plugins\/seo\/ -->\n<title>Contactez-nous - darkoct02<\/title>\n<meta name=\"robots\" content=\"index, follow, max-snippet:-1, max-image-preview:large, max-video-preview:-1\" \/>\n<link rel=\"canonical\" href=\"https:\/\/joygfbakery.com\/contactez-nous\/\" \/>\n<meta property=\"og:locale\" content=\"fr_FR\" \/>\n<meta property=\"og:type\" content=\"article\" \/>\n<meta property=\"og:title\" content=\"Contactez-nous - darkoct02\" \/>\n<meta property=\"og:description\" content=\"Contactez nous CONTACTEZ-MOI Comment fonctionne Joy ? Je produis de mani\u00e8re artisanale et uniquement sur commande, afin d&rsquo;\u00e9viter tout gaspillage (\u00e9lectricit\u00e9, mati\u00e8res premi\u00e8res et produits finis). Mes gourmandises sont donc fra\u00eechement pr\u00e9par\u00e9es par mes soins, sp\u00e9cialement pour vous ; . C&rsquo;est pourquoi je demande un minimum de commande de 28\u20ac.Vous pouvez faire enlever vos friandises [&hellip;]\" \/>\n<meta property=\"og:url\" content=\"https:\/\/joygfbakery.com\/contactez-nous\/\" \/>\n<meta property=\"og:site_name\" content=\"darkoct02\" \/>\n<meta property=\"article:modified_time\" content=\"2025-07-24T14:20:41+00:00\" \/>\n<meta property=\"og:image\" content=\"https:\/\/joygfbakery.com\/wp-content\/uploads\/2021\/11\/About_08.png\" \/>\n\t<meta property=\"og:image:width\" content=\"600\" \/>\n\t<meta property=\"og:image:height\" content=\"360\" \/>\n\t<meta property=\"og:image:type\" content=\"image\/png\" \/>\n<meta name=\"twitter:card\" content=\"summary_large_image\" \/>\n<meta name=\"twitter:label1\" content=\"Dur\u00e9e de lecture estim\u00e9e\" \/>\n\t<meta name=\"twitter:data1\" content=\"2 minutes\" \/>\n<script type=\"application\/ld+json\" class=\"yoast-schema-graph\">{\"@context\":\"https:\/\/schema.org\",\"@graph\":[{\"@type\":\"WebPage\",\"@id\":\"https:\/\/joygfbakery.com\/contactez-nous\/\",\"url\":\"https:\/\/joygfbakery.com\/contactez-nous\/\",\"name\":\"Contactez-nous - darkoct02\",\"isPartOf\":{\"@id\":\"https:\/\/joygfbakery.com\/#website\"},\"primaryImageOfPage\":{\"@id\":\"https:\/\/joygfbakery.com\/contactez-nous\/#primaryimage\"},\"image\":{\"@id\":\"https:\/\/joygfbakery.com\/contactez-nous\/#primaryimage\"},\"thumbnailUrl\":\"https:\/\/joygfbakery.com\/wp-content\/uploads\/2021\/11\/About_08.png\",\"datePublished\":\"2024-11-27T11:51:53+00:00\",\"dateModified\":\"2025-07-24T14:20:41+00:00\",\"breadcrumb\":{\"@id\":\"https:\/\/joygfbakery.com\/contactez-nous\/#breadcrumb\"},\"inLanguage\":\"fr-FR\",\"potentialAction\":[{\"@type\":\"ReadAction\",\"target\":[\"https:\/\/joygfbakery.com\/contactez-nous\/\"]}]},{\"@type\":\"ImageObject\",\"inLanguage\":\"fr-FR\",\"@id\":\"https:\/\/joygfbakery.com\/contactez-nous\/#primaryimage\",\"url\":\"https:\/\/joygfbakery.com\/wp-content\/uploads\/2021\/11\/About_08.png\",\"contentUrl\":\"https:\/\/joygfbakery.com\/wp-content\/uploads\/2021\/11\/About_08.png\"},{\"@type\":\"BreadcrumbList\",\"@id\":\"https:\/\/joygfbakery.com\/contactez-nous\/#breadcrumb\",\"itemListElement\":[{\"@type\":\"ListItem\",\"position\":1,\"name\":\"Home\",\"item\":\"https:\/\/joygfbakery.com\/\"},{\"@type\":\"ListItem\",\"position\":2,\"name\":\"Contactez-nous\"}]},{\"@type\":\"WebSite\",\"@id\":\"https:\/\/joygfbakery.com\/#website\",\"url\":\"https:\/\/joygfbakery.com\/\",\"name\":\"Joy Glutenfree Bakery\",\"description\":\"Artisanal, Gluten free, Lactose free &amp; Vegan Friendly\",\"publisher\":{\"@id\":\"https:\/\/joygfbakery.com\/#organization\"},\"potentialAction\":[{\"@type\":\"SearchAction\",\"target\":{\"@type\":\"EntryPoint\",\"urlTemplate\":\"https:\/\/joygfbakery.com\/?s={search_term_string}\"},\"query-input\":{\"@type\":\"PropertyValueSpecification\",\"valueRequired\":true,\"valueName\":\"search_term_string\"}}],\"inLanguage\":\"fr-FR\"},{\"@type\":\"Organization\",\"@id\":\"https:\/\/joygfbakery.com\/#organization\",\"name\":\"Joy Glutenfree Bakery\",\"url\":\"https:\/\/joygfbakery.com\/\",\"logo\":{\"@type\":\"ImageObject\",\"inLanguage\":\"fr-FR\",\"@id\":\"https:\/\/joygfbakery.com\/#\/schema\/logo\/image\/\",\"url\":\"https:\/\/joygfbakery.com\/wp-content\/uploads\/2024\/10\/cropped-LOGO-JOY-BAKERY.png\",\"contentUrl\":\"https:\/\/joygfbakery.com\/wp-content\/uploads\/2024\/10\/cropped-LOGO-JOY-BAKERY.png\",\"width\":999,\"height\":999,\"caption\":\"Joy Glutenfree Bakery\"},\"image\":{\"@id\":\"https:\/\/joygfbakery.com\/#\/schema\/logo\/image\/\"}}]}<\/script>\n<!-- \/ Yoast SEO plugin. -->","yoast_head_json":{"title":"Contactez-nous - darkoct02","robots":{"index":"index","follow":"follow","max-snippet":"max-snippet:-1","max-image-preview":"max-image-preview:large","max-video-preview":"max-video-preview:-1"},"canonical":"https:\/\/joygfbakery.com\/contactez-nous\/","og_locale":"fr_FR","og_type":"article","og_title":"Contactez-nous - darkoct02","og_description":"Contactez nous CONTACTEZ-MOI Comment fonctionne Joy ? Je produis de mani\u00e8re artisanale et uniquement sur commande, afin d&rsquo;\u00e9viter tout gaspillage (\u00e9lectricit\u00e9, mati\u00e8res premi\u00e8res et produits finis). Mes gourmandises sont donc fra\u00eechement pr\u00e9par\u00e9es par mes soins, sp\u00e9cialement pour vous ; . C&rsquo;est pourquoi je demande un minimum de commande de 28\u20ac.Vous pouvez faire enlever vos friandises [&hellip;]","og_url":"https:\/\/joygfbakery.com\/contactez-nous\/","og_site_name":"darkoct02","article_modified_time":"2025-07-24T14:20:41+00:00","og_image":[{"width":600,"height":360,"url":"https:\/\/joygfbakery.com\/wp-content\/uploads\/2021\/11\/About_08.png","type":"image\/png"}],"twitter_card":"summary_large_image","twitter_misc":{"Dur\u00e9e de lecture estim\u00e9e":"2 minutes"},"schema":{"@context":"https:\/\/schema.org","@graph":[{"@type":"WebPage","@id":"https:\/\/joygfbakery.com\/contactez-nous\/","url":"https:\/\/joygfbakery.com\/contactez-nous\/","name":"Contactez-nous - darkoct02","isPartOf":{"@id":"https:\/\/joygfbakery.com\/#website"},"primaryImageOfPage":{"@id":"https:\/\/joygfbakery.com\/contactez-nous\/#primaryimage"},"image":{"@id":"https:\/\/joygfbakery.com\/contactez-nous\/#primaryimage"},"thumbnailUrl":"https:\/\/joygfbakery.com\/wp-content\/uploads\/2021\/11\/About_08.png","datePublished":"2024-11-27T11:51:53+00:00","dateModified":"2025-07-24T14:20:41+00:00","breadcrumb":{"@id":"https:\/\/joygfbakery.com\/contactez-nous\/#breadcrumb"},"inLanguage":"fr-FR","potentialAction":[{"@type":"ReadAction","target":["https:\/\/joygfbakery.com\/contactez-nous\/"]}]},{"@type":"ImageObject","inLanguage":"fr-FR","@id":"https:\/\/joygfbakery.com\/contactez-nous\/#primaryimage","url":"https:\/\/joygfbakery.com\/wp-content\/uploads\/2021\/11\/About_08.png","contentUrl":"https:\/\/joygfbakery.com\/wp-content\/uploads\/2021\/11\/About_08.png"},{"@type":"BreadcrumbList","@id":"https:\/\/joygfbakery.com\/contactez-nous\/#breadcrumb","itemListElement":[{"@type":"ListItem","position":1,"name":"Home","item":"https:\/\/joygfbakery.com\/"},{"@type":"ListItem","position":2,"name":"Contactez-nous"}]},{"@type":"WebSite","@id":"https:\/\/joygfbakery.com\/#website","url":"https:\/\/joygfbakery.com\/","name":"Joy Glutenfree Bakery","description":"Artisanal, Gluten free, Lactose free &amp; Vegan Friendly","publisher":{"@id":"https:\/\/joygfbakery.com\/#organization"},"potentialAction":[{"@type":"SearchAction","target":{"@type":"EntryPoint","urlTemplate":"https:\/\/joygfbakery.com\/?s={search_term_string}"},"query-input":{"@type":"PropertyValueSpecification","valueRequired":true,"valueName":"search_term_string"}}],"inLanguage":"fr-FR"},{"@type":"Organization","@id":"https:\/\/joygfbakery.com\/#organization","name":"Joy Glutenfree Bakery","url":"https:\/\/joygfbakery.com\/","logo":{"@type":"ImageObject","inLanguage":"fr-FR","@id":"https:\/\/joygfbakery.com\/#\/schema\/logo\/image\/","url":"https:\/\/joygfbakery.com\/wp-content\/uploads\/2024\/10\/cropped-LOGO-JOY-BAKERY.png","contentUrl":"https:\/\/joygfbakery.com\/wp-content\/uploads\/2024\/10\/cropped-LOGO-JOY-BAKERY.png","width":999,"height":999,"caption":"Joy Glutenfree Bakery"},"image":{"@id":"https:\/\/joygfbakery.com\/#\/schema\/logo\/image\/"}}]}},"_links":{"self":[{"href":"https:\/\/joygfbakery.com\/fr\/wp-json\/wp\/v2\/pages\/12144","targetHints":{"allow":["GET"]}}],"collection":[{"href":"https:\/\/joygfbakery.com\/fr\/wp-json\/wp\/v2\/pages"}],"about":[{"href":"https:\/\/joygfbakery.com\/fr\/wp-json\/wp\/v2\/types\/page"}],"author":[{"embeddable":true,"href":"https:\/\/joygfbakery.com\/fr\/wp-json\/wp\/v2\/users\/1"}],"replies":[{"embeddable":true,"href":"https:\/\/joygfbakery.com\/fr\/wp-json\/wp\/v2\/comments?post=12144"}],"version-history":[{"count":4,"href":"https:\/\/joygfbakery.com\/fr\/wp-json\/wp\/v2\/pages\/12144\/revisions"}],"predecessor-version":[{"id":13946,"href":"https:\/\/joygfbakery.com\/fr\/wp-json\/wp\/v2\/pages\/12144\/revisions\/13946"}],"wp:attachment":[{"href":"https:\/\/joygfbakery.com\/fr\/wp-json\/wp\/v2\/media?parent=12144"}],"curies":[{"name":"wp","href":"https:\/\/api.w.org\/{rel}","templated":true}]}}