{"id":12138,"date":"2024-11-27T11:57:09","date_gmt":"2024-11-27T11:57:09","guid":{"rendered":"https:\/\/joygfbakery.com\/temoignages-2\/"},"modified":"2024-11-28T06:37:48","modified_gmt":"2024-11-28T06:37:48","slug":"temoignages-2","status":"publish","type":"page","link":"https:\/\/joygfbakery.com\/fr\/temoignages-2\/","title":{"rendered":"T\u00e9moignages"},"content":{"rendered":"\t\t<div data-elementor-type=\"wp-page\" data-elementor-id=\"12138\" class=\"elementor elementor-12138 elementor-11738\" data-elementor-post-type=\"page\">\n\t\t\t\t\t\t<div class=\"elementor-section elementor-top-section elementor-element elementor-element-f433e04 elementor-section-height-min-height elementor-section-stretched elementor-section-boxed elementor-section-height-default elementor-section-items-middle\" data-id=\"f433e04\" data-element_type=\"section\" data-settings=\"{&quot;background_background&quot;:&quot;classic&quot;,&quot;stretch_section&quot;:&quot;section-stretched&quot;}\">\n\t\t\t\t\t\t<div class=\"elementor-container elementor-column-gap-no\">\n\t\t\t\t\t<div class=\"elementor-column elementor-col-100 elementor-top-column elementor-element elementor-element-d327052\" data-id=\"d327052\" data-element_type=\"column\">\n\t\t\t<div class=\"elementor-widget-wrap elementor-element-populated\">\n\t\t\t\t\t\t<div class=\"elementor-element elementor-element-c805c37 elementor-widget elementor-widget-heading\" data-id=\"c805c37\" data-element_type=\"widget\" data-widget_type=\"heading.default\">\n\t\t\t\t<div class=\"elementor-widget-container\">\n\t\t\t\t\t<h2 class=\"elementor-heading-title elementor-size-default\">T\u00e9moignages<\/h2>\t\t\t\t<\/div>\n\t\t\t\t<\/div>\n\t\t\t\t<div class=\"elementor-element elementor-element-1ed15ad elementor-hidden-desktop elementor-hidden-tablet elementor-hidden-mobile elementor-widget elementor-widget-woocommerce-breadcrumb\" data-id=\"1ed15ad\" data-element_type=\"widget\" data-widget_type=\"woocommerce-breadcrumb.default\">\n\t\t\t\t<div class=\"elementor-widget-container\">\n\t\t\t\t\t<nav class=\"woocommerce-breadcrumb\" aria-label=\"Breadcrumb\">Accueil<\/nav>\t\t\t\t<\/div>\n\t\t\t\t<\/div>\n\t\t\t\t\t<\/div>\n\t\t<\/div>\n\t\t\t\t\t<\/div>\n\t\t<\/div>\n\t\t\t\t<div class=\"elementor-section elementor-top-section elementor-element elementor-element-c2c9a98 elementor-section-full_width elementor-section-stretched elementor-section-height-default elementor-section-height-default\" data-id=\"c2c9a98\" data-element_type=\"section\" data-settings=\"{&quot;stretch_section&quot;:&quot;section-stretched&quot;,&quot;background_background&quot;:&quot;classic&quot;}\">\n\t\t\t\t\t\t<div class=\"elementor-container elementor-column-gap-no\">\n\t\t\t\t\t<div class=\"elementor-column elementor-col-50 elementor-top-column elementor-element elementor-element-ec6089d elementor-hidden-mobile\" data-id=\"ec6089d\" data-element_type=\"column\">\n\t\t\t<div class=\"elementor-widget-wrap elementor-element-populated\">\n\t\t\t\t\t\t<div class=\"elementor-element elementor-element-1787789 elementor-widget elementor-widget-image\" data-id=\"1787789\" data-element_type=\"widget\" data-widget_type=\"image.default\">\n\t\t\t\t<div class=\"elementor-widget-container\">\n\t\t\t\t\t\t\t\t\t\t\t\t\t\t\t<img fetchpriority=\"high\" decoding=\"async\" width=\"490\" height=\"620\" src=\"https:\/\/joygfbakery.com\/wp-content\/uploads\/2023\/11\/about_me_01.jpg\" class=\"attachment-full size-full wp-image-10243\" alt=\"\" srcset=\"https:\/\/joygfbakery.com\/wp-content\/uploads\/2023\/11\/about_me_01.jpg 490w, https:\/\/joygfbakery.com\/wp-content\/uploads\/2023\/11\/about_me_01-450x569.jpg 450w, https:\/\/joygfbakery.com\/wp-content\/uploads\/2023\/11\/about_me_01-237x300.jpg 237w\" sizes=\"(max-width: 490px) 100vw, 490px\" \/>\t\t\t\t\t\t\t\t\t\t\t\t\t\t\t<\/div>\n\t\t\t\t<\/div>\n\t\t\t\t\t<\/div>\n\t\t<\/div>\n\t\t\t\t<div class=\"elementor-column elementor-col-50 elementor-top-column elementor-element elementor-element-b0228d3\" data-id=\"b0228d3\" data-element_type=\"column\">\n\t\t\t<div class=\"elementor-widget-wrap elementor-element-populated\">\n\t\t\t\t\t\t<div class=\"elementor-element elementor-element-e410334 elementor-widget elementor-widget-heading\" data-id=\"e410334\" data-element_type=\"widget\" data-widget_type=\"heading.default\">\n\t\t\t\t<div class=\"elementor-widget-container\">\n\t\t\t\t\t<h2 class=\"elementor-heading-title elementor-size-default\">\u00c0 propos de JOY<\/h2>\t\t\t\t<\/div>\n\t\t\t\t<\/div>\n\t\t\t\t<div class=\"elementor-element elementor-element-ff252f3 elementor-widget__width-initial elementor-widget-mobile__width-inherit elementor-widget-tablet__width-inherit elementor-widget elementor-widget-text-editor\" data-id=\"ff252f3\" data-element_type=\"widget\" data-widget_type=\"text-editor.default\">\n\t\t\t\t<div class=\"elementor-widget-container\">\n\t\t\t\t\t\t\t\t\t<p>N\u00e9e et \u00e9lev\u00e9e dans les belles collines de Turin, ma passion pour la p\u00e2tisserie remonte \u00e0 mon plus jeune \u00e2ge, lorsque toute ma famille se r\u00e9galait d\u00e9j\u00e0 de mes g\u00e2teaux de No\u00ebl.<\/p>\n<p>\u00c0 l&rsquo;\u00e9poque, ma voix int\u00e9rieure n&rsquo;\u00e9tait pas assez forte pour que je d\u00e9cide d&rsquo;en faire ma vie ; j&rsquo;ai \u00e9tudi\u00e9 l&rsquo;\u00e9conomie, j&rsquo;ai d\u00e9m\u00e9nag\u00e9 \u00e0 Milan et j&rsquo;ai commenc\u00e9 un parcours dans le marketing et les ventes dans de grandes entreprises multinationales. A l&rsquo;\u00e2ge adulte, j&rsquo;ai rencontr\u00e9 l&rsquo;amour de ma vie, mon mari Guglielmo, et j&rsquo;ai d\u00e9couvert la maladie c\u0153liaque, avec toutes les frustrations et les renoncements qui l&rsquo;accompagnent quand on aime les pizzas, les croissants et les g\u00e2teaux !<\/p>\n<p>Depuis, notre famille s&rsquo;est agrandie avec l&rsquo;arriv\u00e9e de nos enfants Mattia et Matilde, et avec la d\u00e9cision de d\u00e9m\u00e9nager \u00e0 Bruxelles, une ville que nous aimons et o\u00f9 nous avons \u00e9lu domicile.<\/p>\n<p>Alors que je travaillais comme directeur g\u00e9n\u00e9ral pour Miele, j&rsquo;ai d\u00e9cid\u00e9 de redonner de l&rsquo;espace \u00e0 ma voix int\u00e9rieure, j&rsquo;ai \u00e9tudi\u00e9 pour d\u00e9velopper mes comp\u00e9tences sans gluten et j&rsquo;ai obtenu mon dipl\u00f4me de chef p\u00e2tissier et de boulanger.<\/p>\n\t\t\t\t\t\t\t\t<\/div>\n\t\t\t\t<\/div>\n\t\t\t\t\t<\/div>\n\t\t<\/div>\n\t\t\t\t\t<\/div>\n\t\t<\/div>\n\t\t\t\t<div class=\"elementor-section elementor-top-section elementor-element elementor-element-261208c elementor-section-stretched elementor-section-boxed elementor-section-height-default elementor-section-height-default\" data-id=\"261208c\" data-element_type=\"section\" data-settings=\"{&quot;stretch_section&quot;:&quot;section-stretched&quot;,&quot;background_background&quot;:&quot;classic&quot;}\">\n\t\t\t\t\t\t<div class=\"elementor-container elementor-column-gap-no\">\n\t\t\t\t\t<div class=\"elementor-column elementor-col-100 elementor-top-column elementor-element elementor-element-8c6f46f\" data-id=\"8c6f46f\" data-element_type=\"column\">\n\t\t\t<div class=\"elementor-widget-wrap elementor-element-populated\">\n\t\t\t\t\t\t<div class=\"elementor-element elementor-element-561849f arrow-style-1 elementor-widget elementor-widget-xocora-testimonials\" data-id=\"561849f\" data-element_type=\"widget\" data-widget_type=\"xocora-testimonials.default\">\n\t\t\t\t<div class=\"elementor-widget-container\">\n\t\t\t\t\t            <div class=\"elementor-testimonial-item-wrapper\">\n                <div class=\"row layout-1 xocora-carousel\" data-settings=\"{&quot;navigation&quot;:&quot;arrows&quot;,&quot;autoplayHoverPause&quot;:true,&quot;autoplay&quot;:true,&quot;autoplaySpeed&quot;:5000,&quot;items&quot;:1,&quot;items_laptop&quot;:&quot;1&quot;,&quot;items_tablet_extra&quot;:&quot;1&quot;,&quot;items_tablet&quot;:&quot;1&quot;,&quot;items_mobile_extra&quot;:&quot;1&quot;,&quot;items_mobile&quot;:&quot;1&quot;,&quot;loop&quot;:true,&quot;breakpoint_laptop&quot;:1366,&quot;breakpoint_tablet_extra&quot;:1200,&quot;breakpoint_tablet&quot;:1024,&quot;breakpoint_mobile_extra&quot;:880,&quot;breakpoint_mobile&quot;:767}\">\n                                            <div class=\"column-item elementor-testimonial-item\">\n                            <div class=\"inner\">\n                                                                    <h3 class=\"title\">WHAT PEOPLE ARE SAYING<\/h3>\n                                                                <div class=\"testimonial-body\">\n                                                                            <div class=\"icon\">\n                                                                                    <\/div>\n                                                                        <div class=\"testimonial-content\">\n                                                                                    <div class=\"content\">\u201cMy order arrived the other day in perfect shape, and perfectly wrapped\u2026 You are a great company, and your chocolate is wonderful!\u201d<\/div>\n                                                                                <div class=\"details\">\n                                            <span class=\"name\">\u2014 JOAN L., OMAHA, NE<\/span>                                                                                    <\/div>\n\n                                    <\/div>\n                                <\/div>\n\n                            <\/div>\n                        <\/div>\n                                            <div class=\"column-item elementor-testimonial-item\">\n                            <div class=\"inner\">\n                                                                    <h3 class=\"title\">WHAT PEOPLE ARE SAYING<\/h3>\n                                                                <div class=\"testimonial-body\">\n                                                                            <div class=\"icon\">\n                                                                                    <\/div>\n                                                                        <div class=\"testimonial-content\">\n                                                                                    <div class=\"content\">\u201cMy order arrived the other day in perfect shape, and perfectly wrapped\u2026 You are a great company, and your chocolate is wonderful!\u201d<\/div>\n                                                                                <div class=\"details\">\n                                            <span class=\"name\">- John Doe<\/span>                                                                                    <\/div>\n\n                                    <\/div>\n                                <\/div>\n\n                            <\/div>\n                        <\/div>\n                                    <\/div>\n            <\/div>\n            \t\t\t\t<\/div>\n\t\t\t\t<\/div>\n\t\t\t\t\t<\/div>\n\t\t<\/div>\n\t\t\t\t\t<\/div>\n\t\t<\/div>\n\t\t\t\t<\/div>\n\t\t","protected":false},"excerpt":{"rendered":"<p>T\u00e9moignages \u00c0 propos de JOY N\u00e9e et \u00e9lev\u00e9e dans les belles collines de Turin, ma passion pour la p\u00e2tisserie remonte \u00e0 mon plus jeune \u00e2ge, lorsque toute ma famille se r\u00e9galait d\u00e9j\u00e0 de mes g\u00e2teaux de No\u00ebl. \u00c0 l&rsquo;\u00e9poque, ma voix int\u00e9rieure n&rsquo;\u00e9tait pas assez forte pour que je d\u00e9cide d&rsquo;en faire ma vie ; [&hellip;]<\/p>\n","protected":false},"author":1,"featured_media":0,"parent":0,"menu_order":0,"comment_status":"closed","ping_status":"closed","template":"template-homepage.php","meta":{"footnotes":""},"class_list":["post-12138","page","type-page","status-publish","hentry"],"yoast_head":"<!-- This site is optimized with the Yoast SEO plugin v24.6 - https:\/\/yoast.com\/wordpress\/plugins\/seo\/ -->\n<title>T\u00e9moignages - darkoct02<\/title>\n<meta name=\"robots\" content=\"index, follow, max-snippet:-1, max-image-preview:large, max-video-preview:-1\" \/>\n<link rel=\"canonical\" href=\"https:\/\/joygfbakery.com\/temoignages\/\" \/>\n<meta property=\"og:locale\" content=\"fr_FR\" \/>\n<meta property=\"og:type\" content=\"article\" \/>\n<meta property=\"og:title\" content=\"T\u00e9moignages - darkoct02\" \/>\n<meta property=\"og:description\" content=\"T\u00e9moignages \u00c0 propos de JOY N\u00e9e et \u00e9lev\u00e9e dans les belles collines de Turin, ma passion pour la p\u00e2tisserie remonte \u00e0 mon plus jeune \u00e2ge, lorsque toute ma famille se r\u00e9galait d\u00e9j\u00e0 de mes g\u00e2teaux de No\u00ebl. \u00c0 l&rsquo;\u00e9poque, ma voix int\u00e9rieure n&rsquo;\u00e9tait pas assez forte pour que je d\u00e9cide d&rsquo;en faire ma vie ; [&hellip;]\" \/>\n<meta property=\"og:url\" content=\"https:\/\/joygfbakery.com\/temoignages\/\" \/>\n<meta property=\"og:site_name\" content=\"darkoct02\" \/>\n<meta property=\"article:modified_time\" content=\"2024-11-28T06:37:48+00:00\" \/>\n<meta property=\"og:image\" content=\"https:\/\/joygfbakery.com\/wp-content\/uploads\/2023\/11\/about_me_01.jpg\" \/>\n<meta name=\"twitter:card\" content=\"summary_large_image\" \/>\n<meta name=\"twitter:label1\" content=\"Dur\u00e9e de lecture estim\u00e9e\" \/>\n\t<meta name=\"twitter:data1\" content=\"1 minute\" \/>\n<script type=\"application\/ld+json\" class=\"yoast-schema-graph\">{\"@context\":\"https:\/\/schema.org\",\"@graph\":[{\"@type\":\"WebPage\",\"@id\":\"https:\/\/joygfbakery.com\/temoignages\/\",\"url\":\"https:\/\/joygfbakery.com\/temoignages\/\",\"name\":\"T\u00e9moignages - darkoct02\",\"isPartOf\":{\"@id\":\"https:\/\/joygfbakery.com\/#website\"},\"primaryImageOfPage\":{\"@id\":\"https:\/\/joygfbakery.com\/temoignages\/#primaryimage\"},\"image\":{\"@id\":\"https:\/\/joygfbakery.com\/temoignages\/#primaryimage\"},\"thumbnailUrl\":\"https:\/\/joygfbakery.com\/wp-content\/uploads\/2023\/11\/about_me_01.jpg\",\"datePublished\":\"2024-11-27T11:57:09+00:00\",\"dateModified\":\"2024-11-28T06:37:48+00:00\",\"breadcrumb\":{\"@id\":\"https:\/\/joygfbakery.com\/temoignages\/#breadcrumb\"},\"inLanguage\":\"fr-FR\",\"potentialAction\":[{\"@type\":\"ReadAction\",\"target\":[\"https:\/\/joygfbakery.com\/temoignages\/\"]}]},{\"@type\":\"ImageObject\",\"inLanguage\":\"fr-FR\",\"@id\":\"https:\/\/joygfbakery.com\/temoignages\/#primaryimage\",\"url\":\"https:\/\/joygfbakery.com\/wp-content\/uploads\/2023\/11\/about_me_01.jpg\",\"contentUrl\":\"https:\/\/joygfbakery.com\/wp-content\/uploads\/2023\/11\/about_me_01.jpg\"},{\"@type\":\"BreadcrumbList\",\"@id\":\"https:\/\/joygfbakery.com\/temoignages\/#breadcrumb\",\"itemListElement\":[{\"@type\":\"ListItem\",\"position\":1,\"name\":\"Home\",\"item\":\"https:\/\/joygfbakery.com\/\"},{\"@type\":\"ListItem\",\"position\":2,\"name\":\"T\u00e9moignages\"}]},{\"@type\":\"WebSite\",\"@id\":\"https:\/\/joygfbakery.com\/#website\",\"url\":\"https:\/\/joygfbakery.com\/\",\"name\":\"Joy Glutenfree Bakery\",\"description\":\"Artisanal, Gluten free, Lactose free &amp; Vegan Friendly\",\"publisher\":{\"@id\":\"https:\/\/joygfbakery.com\/#organization\"},\"potentialAction\":[{\"@type\":\"SearchAction\",\"target\":{\"@type\":\"EntryPoint\",\"urlTemplate\":\"https:\/\/joygfbakery.com\/?s={search_term_string}\"},\"query-input\":{\"@type\":\"PropertyValueSpecification\",\"valueRequired\":true,\"valueName\":\"search_term_string\"}}],\"inLanguage\":\"fr-FR\"},{\"@type\":\"Organization\",\"@id\":\"https:\/\/joygfbakery.com\/#organization\",\"name\":\"Joy Glutenfree Bakery\",\"url\":\"https:\/\/joygfbakery.com\/\",\"logo\":{\"@type\":\"ImageObject\",\"inLanguage\":\"fr-FR\",\"@id\":\"https:\/\/joygfbakery.com\/#\/schema\/logo\/image\/\",\"url\":\"https:\/\/joygfbakery.com\/wp-content\/uploads\/2024\/10\/cropped-LOGO-JOY-BAKERY.png\",\"contentUrl\":\"https:\/\/joygfbakery.com\/wp-content\/uploads\/2024\/10\/cropped-LOGO-JOY-BAKERY.png\",\"width\":999,\"height\":999,\"caption\":\"Joy Glutenfree Bakery\"},\"image\":{\"@id\":\"https:\/\/joygfbakery.com\/#\/schema\/logo\/image\/\"}}]}<\/script>\n<!-- \/ Yoast SEO plugin. -->","yoast_head_json":{"title":"T\u00e9moignages - darkoct02","robots":{"index":"index","follow":"follow","max-snippet":"max-snippet:-1","max-image-preview":"max-image-preview:large","max-video-preview":"max-video-preview:-1"},"canonical":"https:\/\/joygfbakery.com\/temoignages\/","og_locale":"fr_FR","og_type":"article","og_title":"T\u00e9moignages - darkoct02","og_description":"T\u00e9moignages \u00c0 propos de JOY N\u00e9e et \u00e9lev\u00e9e dans les belles collines de Turin, ma passion pour la p\u00e2tisserie remonte \u00e0 mon plus jeune \u00e2ge, lorsque toute ma famille se r\u00e9galait d\u00e9j\u00e0 de mes g\u00e2teaux de No\u00ebl. \u00c0 l&rsquo;\u00e9poque, ma voix int\u00e9rieure n&rsquo;\u00e9tait pas assez forte pour que je d\u00e9cide d&rsquo;en faire ma vie ; [&hellip;]","og_url":"https:\/\/joygfbakery.com\/temoignages\/","og_site_name":"darkoct02","article_modified_time":"2024-11-28T06:37:48+00:00","og_image":[{"url":"https:\/\/joygfbakery.com\/wp-content\/uploads\/2023\/11\/about_me_01.jpg","type":"","width":"","height":""}],"twitter_card":"summary_large_image","twitter_misc":{"Dur\u00e9e de lecture estim\u00e9e":"1 minute"},"schema":{"@context":"https:\/\/schema.org","@graph":[{"@type":"WebPage","@id":"https:\/\/joygfbakery.com\/temoignages\/","url":"https:\/\/joygfbakery.com\/temoignages\/","name":"T\u00e9moignages - darkoct02","isPartOf":{"@id":"https:\/\/joygfbakery.com\/#website"},"primaryImageOfPage":{"@id":"https:\/\/joygfbakery.com\/temoignages\/#primaryimage"},"image":{"@id":"https:\/\/joygfbakery.com\/temoignages\/#primaryimage"},"thumbnailUrl":"https:\/\/joygfbakery.com\/wp-content\/uploads\/2023\/11\/about_me_01.jpg","datePublished":"2024-11-27T11:57:09+00:00","dateModified":"2024-11-28T06:37:48+00:00","breadcrumb":{"@id":"https:\/\/joygfbakery.com\/temoignages\/#breadcrumb"},"inLanguage":"fr-FR","potentialAction":[{"@type":"ReadAction","target":["https:\/\/joygfbakery.com\/temoignages\/"]}]},{"@type":"ImageObject","inLanguage":"fr-FR","@id":"https:\/\/joygfbakery.com\/temoignages\/#primaryimage","url":"https:\/\/joygfbakery.com\/wp-content\/uploads\/2023\/11\/about_me_01.jpg","contentUrl":"https:\/\/joygfbakery.com\/wp-content\/uploads\/2023\/11\/about_me_01.jpg"},{"@type":"BreadcrumbList","@id":"https:\/\/joygfbakery.com\/temoignages\/#breadcrumb","itemListElement":[{"@type":"ListItem","position":1,"name":"Home","item":"https:\/\/joygfbakery.com\/"},{"@type":"ListItem","position":2,"name":"T\u00e9moignages"}]},{"@type":"WebSite","@id":"https:\/\/joygfbakery.com\/#website","url":"https:\/\/joygfbakery.com\/","name":"Joy Glutenfree Bakery","description":"Artisanal, Gluten free, Lactose free &amp; Vegan Friendly","publisher":{"@id":"https:\/\/joygfbakery.com\/#organization"},"potentialAction":[{"@type":"SearchAction","target":{"@type":"EntryPoint","urlTemplate":"https:\/\/joygfbakery.com\/?s={search_term_string}"},"query-input":{"@type":"PropertyValueSpecification","valueRequired":true,"valueName":"search_term_string"}}],"inLanguage":"fr-FR"},{"@type":"Organization","@id":"https:\/\/joygfbakery.com\/#organization","name":"Joy Glutenfree Bakery","url":"https:\/\/joygfbakery.com\/","logo":{"@type":"ImageObject","inLanguage":"fr-FR","@id":"https:\/\/joygfbakery.com\/#\/schema\/logo\/image\/","url":"https:\/\/joygfbakery.com\/wp-content\/uploads\/2024\/10\/cropped-LOGO-JOY-BAKERY.png","contentUrl":"https:\/\/joygfbakery.com\/wp-content\/uploads\/2024\/10\/cropped-LOGO-JOY-BAKERY.png","width":999,"height":999,"caption":"Joy Glutenfree Bakery"},"image":{"@id":"https:\/\/joygfbakery.com\/#\/schema\/logo\/image\/"}}]}},"_links":{"self":[{"href":"https:\/\/joygfbakery.com\/fr\/wp-json\/wp\/v2\/pages\/12138","targetHints":{"allow":["GET"]}}],"collection":[{"href":"https:\/\/joygfbakery.com\/fr\/wp-json\/wp\/v2\/pages"}],"about":[{"href":"https:\/\/joygfbakery.com\/fr\/wp-json\/wp\/v2\/types\/page"}],"author":[{"embeddable":true,"href":"https:\/\/joygfbakery.com\/fr\/wp-json\/wp\/v2\/users\/1"}],"replies":[{"embeddable":true,"href":"https:\/\/joygfbakery.com\/fr\/wp-json\/wp\/v2\/comments?post=12138"}],"version-history":[{"count":1,"href":"https:\/\/joygfbakery.com\/fr\/wp-json\/wp\/v2\/pages\/12138\/revisions"}],"predecessor-version":[{"id":12139,"href":"https:\/\/joygfbakery.com\/fr\/wp-json\/wp\/v2\/pages\/12138\/revisions\/12139"}],"wp:attachment":[{"href":"https:\/\/joygfbakery.com\/fr\/wp-json\/wp\/v2\/media?parent=12138"}],"curies":[{"name":"wp","href":"https:\/\/api.w.org\/{rel}","templated":true}]}}