{"id":12134,"date":"2024-10-16T10:48:29","date_gmt":"2024-10-16T10:48:29","guid":{"rendered":"https:\/\/joygfbakery.com\/politique-de-confidentialite\/"},"modified":"2025-01-14T03:13:51","modified_gmt":"2025-01-14T03:13:51","slug":"politique-de-confidentialite","status":"publish","type":"page","link":"https:\/\/joygfbakery.com\/fr\/politique-de-confidentialite\/","title":{"rendered":"Politique de confidentialit\u00e9"},"content":{"rendered":"\t\t<div data-elementor-type=\"wp-page\" data-elementor-id=\"12134\" class=\"elementor elementor-12134 elementor-3\" data-elementor-post-type=\"page\">\n\t\t\t\t<div class=\"elementor-element elementor-element-185c4005 e-flex e-con-boxed e-con e-parent\" data-id=\"185c4005\" data-element_type=\"container\">\n\t\t\t\t\t<div class=\"e-con-inner\">\n\t\t\t\t<div class=\"elementor-element elementor-element-629d6981 elementor-widget elementor-widget-text-editor\" data-id=\"629d6981\" data-element_type=\"widget\" data-widget_type=\"text-editor.default\">\n\t\t\t\t<div class=\"elementor-widget-container\">\n\t\t\t\t\t\t\t\t\t<p><strong><b>Cette \u00ab Politique de confidentialit\u00e9 \u00bb r\u00e9git le traitement de vos donn\u00e9es personnelles par notre entreprise. Si vous avez des questions sur notre politique de confidentialit\u00e9, vous pouvez toujours nous contacter par e-mail.<\/b><\/strong><\/p>\n<h2>Donn\u00e9es personnelles que nous traitons<\/h2>\n<p>Nous traitons vos donn\u00e9es personnelles parce que vous utilisez nos services et\/ou parce que vous nous les fournissez vous-m\u00eame. Vous trouverez ci-dessous un aper\u00e7u des donn\u00e9es personnelles que nous traitons\u00a0:<\/p>\n<ul>\n<li>Pr\u00e9nom et nom<\/li>\n<li>Adresse<\/li>\n<li>Num\u00e9ro de t\u00e9l\u00e9phone<\/li>\n<li>Adresse e-mail<\/li>\n<li>Adresse IP<\/li>\n<li>Autres donn\u00e9es personnelles que vous fournissez activement, par exemple en cr\u00e9ant un profil sur ce site Web<\/li>\n<li>Donn\u00e9es de localisation<\/li>\n<li>Navigateur Internet et type d&rsquo;appareil<\/li>\n<\/ul>\n<p>Donn\u00e9es personnelles sp\u00e9ciales et\/ou sensibles que nous traitons<\/p>\n\n<p>Notre site Web et\/ou service n&rsquo;a pas l&rsquo;intention de collecter des donn\u00e9es sur les visiteurs du site Web qui sont mineurs. Cependant, nous ne pouvons pas v\u00e9rifier qu&rsquo;un visiteur a plus de 18 ans. Nous encourageons les parents \u00e0 s&rsquo;impliquer dans les activit\u00e9s en ligne de leurs enfants afin d&#8217;emp\u00eacher la collecte d&rsquo;informations sur les enfants sans le consentement des parents. Si vous \u00eates convaincu que nous avons collect\u00e9 des donn\u00e9es personnelles sur un mineur sans ce consentement, veuillez nous contacter par e-mail et nous supprimerons ces informations.<\/p>\n<h3>\u00c0 quelles fins et sur quelle base traitons-nous les donn\u00e9es personnelles\u00a0?<\/h3>\n<ul>\n<li>Nous traitons vos donn\u00e9es personnelles aux fins suivantes\u00a0:<\/li>\n<li>G\u00e9rer votre paiement<\/li>\n<li>Envoyer nos newsletters<\/li>\n<li>Pouvoir vous appeler ou vous envoyer un e-mail si cela est n\u00e9cessaire pour pouvoir ex\u00e9cuter nos services<\/li>\n<li>Vous informer des modifications apport\u00e9es \u00e0 nos services et produits<\/li>\n<li>Vous permettre de cr\u00e9er un compte<\/li>\n<li>Pour vous livrer des biens et des services<\/li>\n<li>Nous traitons \u00e9galement des donn\u00e9es personnelles si nous y sommes l\u00e9galement oblig\u00e9s, comme les donn\u00e9es dont nous avons besoin pour notre d\u00e9claration fiscale<\/li>\n<\/ul>\n<h3>Prise de d\u00e9cision automatis\u00e9e<\/h3>\n<p>Nous ne prenons jamais de d\u00e9cisions sur la base d&rsquo;un traitement automatis\u00e9 sur des questions qui peuvent avoir des cons\u00e9quences (significatives) pour les personnes.<\/p>\n<h3>Pendant combien de temps conservons-nous vos donn\u00e9es personnelles<\/h3>\n<p>Nous ne conservons pas vos donn\u00e9es personnelles plus longtemps que n\u00e9cessaire pour atteindre les objectifs pour lesquels vos donn\u00e9es sont collect\u00e9es. Nous utilisons une p\u00e9riode de conservation de 12 mois pour tous les types de donn\u00e9es personnelles.<\/p>\n<h3>Partage de donn\u00e9es personnelles avec des tiers<\/h3>\n<p>Nous ne vendons pas vos donn\u00e9es \u00e0 des tiers et ne les expirons que si cela est n\u00e9cessaire \u00e0 l&rsquo;ex\u00e9cution de notre accord avec vous ou pour nous conformer \u00e0 une obligation l\u00e9gale. Nous concluons un accord de traitement avec des entreprises qui traitent vos donn\u00e9es en notre nom afin de garantir le m\u00eame niveau de s\u00e9curit\u00e9 et de confidentialit\u00e9 de vos donn\u00e9es. Nous restons responsables de ce traitement.<\/p>\n<h3>Cookies, ou techniques similaires, que nous utilisons<\/h3>\n<p>Nous utilisons des cookies analytiques. Un cookie est un petit fichier texte qui est stock\u00e9 dans le navigateur de votre ordinateur, tablette ou smartphone lorsque vous visitez ce site Web pour la premi\u00e8re fois. Nous n&rsquo;utilisons que des cookies ayant une fonctionnalit\u00e9 purement technique. Ceux-ci garantissent que le site Web fonctionne correctement et que, par exemple, vos param\u00e8tres pr\u00e9f\u00e9r\u00e9s sont m\u00e9moris\u00e9s. Ces cookies sont \u00e9galement utilis\u00e9s pour faire fonctionner correctement le site Web et pour pouvoir l&rsquo;optimiser. Lors de votre premi\u00e8re visite sur notre site Internet, nous vous avons d\u00e9j\u00e0 inform\u00e9 de l&rsquo;existence de ces cookies et vous avons demand\u00e9 l&rsquo;autorisation de les placer. Vous pouvez refuser les cookies en param\u00e9trant votre navigateur Internet pour qu&rsquo;il arr\u00eate de stocker des cookies. En outre, vous pouvez \u00e9galement supprimer toutes les informations pr\u00e9c\u00e9demment stock\u00e9es via les param\u00e8tres de votre navigateur.<\/p>\n\n<h3>Consultation, modification ou suppression des donn\u00e9es<\/h3>\n<p>Vous avez le droit d&rsquo;acc\u00e9der \u00e0 vos donn\u00e9es personnelles, de les corriger ou de les supprimer. En outre, vous avez le droit de retirer votre consentement au traitement des donn\u00e9es ou de vous opposer au traitement de vos donn\u00e9es personnelles par nos soins et vous avez le droit \u00e0 la portabilit\u00e9 des donn\u00e9es. Cela signifie que vous pouvez nous demander de vous envoyer les donn\u00e9es personnelles que nous avons \u00e0 votre sujet dans un fichier informatique, \u00e0 vous ou \u00e0 une autre organisation d\u00e9sign\u00e9e par vous. Vous pouvez toujours nous envoyer une demande d&rsquo;inspection, de correction, de suppression, de transfert de donn\u00e9es de vos donn\u00e9es personnelles ou une demande de retrait de votre consentement ou d&rsquo;opposition au traitement de vos donn\u00e9es personnelles par e-mail. Pour nous assurer que la demande d&rsquo;acc\u00e8s a \u00e9t\u00e9 faite par vous, nous vous demandons d&rsquo;envoyer une copie de votre pi\u00e8ce d&rsquo;identit\u00e9 avec la demande. Dans cette copie, noircissez votre photo d&rsquo;identit\u00e9, la MRZ (zone de lecture automatique, la bande avec les num\u00e9ros au bas du passeport), le num\u00e9ro de passeport et le num\u00e9ro de service citoyen (BSN). Ceci afin de prot\u00e9ger votre vie priv\u00e9e. Nous r\u00e9pondrons \u00e0 votre demande dans les plus brefs d\u00e9lais.<\/p>\n<h3>Comment nous prot\u00e9geons les donn\u00e9es personnelles<\/h3>\n<p>Nous prenons la protection de vos donn\u00e9es au s\u00e9rieux et prenons les mesures appropri\u00e9es pour emp\u00eacher toute utilisation abusive, perte, acc\u00e8s non autoris\u00e9, divulgation non d\u00e9sir\u00e9e et modification non autoris\u00e9e. Si vous avez l&rsquo;impression que vos donn\u00e9es ne sont pas correctement s\u00e9curis\u00e9es ou qu&rsquo;il existe des indices d&rsquo;utilisation abusive, veuillez nous contacter par e-mail. Nous envoyons vos donn\u00e9es via une connexion Internet s\u00e9curis\u00e9e. Vous pouvez le constater gr\u00e2ce \u00e0 la barre d&rsquo;adresse \u00ab https \u00bb et au cadenas dans la barre d&rsquo;adresse.<\/p>\t\t\t\t\t\t\t\t<\/div>\n\t\t\t\t<\/div>\n\t\t\t\t\t<\/div>\n\t\t\t\t<\/div>\n\t\t\t\t<\/div>\n\t\t","protected":false},"excerpt":{"rendered":"<p>Cette \u00ab Politique de confidentialit\u00e9 \u00bb r\u00e9git le traitement de vos donn\u00e9es personnelles par notre entreprise. Si vous avez des questions sur notre politique de confidentialit\u00e9, vous pouvez toujours nous contacter par e-mail. Donn\u00e9es personnelles que nous traitons Nous traitons vos donn\u00e9es personnelles parce que vous utilisez nos services et\/ou parce que vous nous les [&hellip;]<\/p>\n","protected":false},"author":1,"featured_media":0,"parent":0,"menu_order":0,"comment_status":"closed","ping_status":"open","template":"elementor_header_footer","meta":{"footnotes":""},"class_list":["post-12134","page","type-page","status-publish","hentry"],"yoast_head":"<!-- This site is optimized with the Yoast SEO plugin v24.6 - https:\/\/yoast.com\/wordpress\/plugins\/seo\/ -->\n<title>Politique de confidentialit\u00e9 - darkoct02<\/title>\n<meta name=\"robots\" content=\"index, follow, max-snippet:-1, max-image-preview:large, max-video-preview:-1\" \/>\n<link rel=\"canonical\" href=\"https:\/\/joygfbakery.com\/privacy-policy\/\" \/>\n<meta property=\"og:locale\" content=\"fr_FR\" \/>\n<meta property=\"og:type\" content=\"article\" \/>\n<meta property=\"og:title\" content=\"Politique de confidentialit\u00e9 - darkoct02\" \/>\n<meta property=\"og:description\" content=\"Cette \u00ab Politique de confidentialit\u00e9 \u00bb r\u00e9git le traitement de vos donn\u00e9es personnelles par notre entreprise. Si vous avez des questions sur notre politique de confidentialit\u00e9, vous pouvez toujours nous contacter par e-mail. Donn\u00e9es personnelles que nous traitons Nous traitons vos donn\u00e9es personnelles parce que vous utilisez nos services et\/ou parce que vous nous les [&hellip;]\" \/>\n<meta property=\"og:url\" content=\"https:\/\/joygfbakery.com\/privacy-policy\/\" \/>\n<meta property=\"og:site_name\" content=\"darkoct02\" \/>\n<meta property=\"article:modified_time\" content=\"2025-01-14T03:13:51+00:00\" \/>\n<meta name=\"twitter:card\" content=\"summary_large_image\" \/>\n<meta name=\"twitter:label1\" content=\"Dur\u00e9e de lecture estim\u00e9e\" \/>\n\t<meta name=\"twitter:data1\" content=\"5 minutes\" \/>\n<script type=\"application\/ld+json\" class=\"yoast-schema-graph\">{\"@context\":\"https:\/\/schema.org\",\"@graph\":[{\"@type\":\"WebPage\",\"@id\":\"https:\/\/joygfbakery.com\/privacy-policy\/\",\"url\":\"https:\/\/joygfbakery.com\/privacy-policy\/\",\"name\":\"Politique de confidentialit\u00e9 - darkoct02\",\"isPartOf\":{\"@id\":\"https:\/\/joygfbakery.com\/#website\"},\"datePublished\":\"2024-10-16T10:48:29+00:00\",\"dateModified\":\"2025-01-14T03:13:51+00:00\",\"breadcrumb\":{\"@id\":\"https:\/\/joygfbakery.com\/privacy-policy\/#breadcrumb\"},\"inLanguage\":\"fr-FR\",\"potentialAction\":[{\"@type\":\"ReadAction\",\"target\":[\"https:\/\/joygfbakery.com\/privacy-policy\/\"]}]},{\"@type\":\"BreadcrumbList\",\"@id\":\"https:\/\/joygfbakery.com\/privacy-policy\/#breadcrumb\",\"itemListElement\":[{\"@type\":\"ListItem\",\"position\":1,\"name\":\"Home\",\"item\":\"https:\/\/joygfbakery.com\/\"},{\"@type\":\"ListItem\",\"position\":2,\"name\":\"Politique de confidentialit\u00e9\"}]},{\"@type\":\"WebSite\",\"@id\":\"https:\/\/joygfbakery.com\/#website\",\"url\":\"https:\/\/joygfbakery.com\/\",\"name\":\"Joy Glutenfree Bakery\",\"description\":\"Artisanal, Gluten free, Lactose free &amp; Vegan Friendly\",\"publisher\":{\"@id\":\"https:\/\/joygfbakery.com\/#organization\"},\"potentialAction\":[{\"@type\":\"SearchAction\",\"target\":{\"@type\":\"EntryPoint\",\"urlTemplate\":\"https:\/\/joygfbakery.com\/?s={search_term_string}\"},\"query-input\":{\"@type\":\"PropertyValueSpecification\",\"valueRequired\":true,\"valueName\":\"search_term_string\"}}],\"inLanguage\":\"fr-FR\"},{\"@type\":\"Organization\",\"@id\":\"https:\/\/joygfbakery.com\/#organization\",\"name\":\"Joy Glutenfree Bakery\",\"url\":\"https:\/\/joygfbakery.com\/\",\"logo\":{\"@type\":\"ImageObject\",\"inLanguage\":\"fr-FR\",\"@id\":\"https:\/\/joygfbakery.com\/#\/schema\/logo\/image\/\",\"url\":\"https:\/\/joygfbakery.com\/wp-content\/uploads\/2024\/10\/cropped-LOGO-JOY-BAKERY.png\",\"contentUrl\":\"https:\/\/joygfbakery.com\/wp-content\/uploads\/2024\/10\/cropped-LOGO-JOY-BAKERY.png\",\"width\":999,\"height\":999,\"caption\":\"Joy Glutenfree Bakery\"},\"image\":{\"@id\":\"https:\/\/joygfbakery.com\/#\/schema\/logo\/image\/\"}}]}<\/script>\n<!-- \/ Yoast SEO plugin. -->","yoast_head_json":{"title":"Politique de confidentialit\u00e9 - darkoct02","robots":{"index":"index","follow":"follow","max-snippet":"max-snippet:-1","max-image-preview":"max-image-preview:large","max-video-preview":"max-video-preview:-1"},"canonical":"https:\/\/joygfbakery.com\/privacy-policy\/","og_locale":"fr_FR","og_type":"article","og_title":"Politique de confidentialit\u00e9 - darkoct02","og_description":"Cette \u00ab Politique de confidentialit\u00e9 \u00bb r\u00e9git le traitement de vos donn\u00e9es personnelles par notre entreprise. Si vous avez des questions sur notre politique de confidentialit\u00e9, vous pouvez toujours nous contacter par e-mail. Donn\u00e9es personnelles que nous traitons Nous traitons vos donn\u00e9es personnelles parce que vous utilisez nos services et\/ou parce que vous nous les [&hellip;]","og_url":"https:\/\/joygfbakery.com\/privacy-policy\/","og_site_name":"darkoct02","article_modified_time":"2025-01-14T03:13:51+00:00","twitter_card":"summary_large_image","twitter_misc":{"Dur\u00e9e de lecture estim\u00e9e":"5 minutes"},"schema":{"@context":"https:\/\/schema.org","@graph":[{"@type":"WebPage","@id":"https:\/\/joygfbakery.com\/privacy-policy\/","url":"https:\/\/joygfbakery.com\/privacy-policy\/","name":"Politique de confidentialit\u00e9 - darkoct02","isPartOf":{"@id":"https:\/\/joygfbakery.com\/#website"},"datePublished":"2024-10-16T10:48:29+00:00","dateModified":"2025-01-14T03:13:51+00:00","breadcrumb":{"@id":"https:\/\/joygfbakery.com\/privacy-policy\/#breadcrumb"},"inLanguage":"fr-FR","potentialAction":[{"@type":"ReadAction","target":["https:\/\/joygfbakery.com\/privacy-policy\/"]}]},{"@type":"BreadcrumbList","@id":"https:\/\/joygfbakery.com\/privacy-policy\/#breadcrumb","itemListElement":[{"@type":"ListItem","position":1,"name":"Home","item":"https:\/\/joygfbakery.com\/"},{"@type":"ListItem","position":2,"name":"Politique de confidentialit\u00e9"}]},{"@type":"WebSite","@id":"https:\/\/joygfbakery.com\/#website","url":"https:\/\/joygfbakery.com\/","name":"Joy Glutenfree Bakery","description":"Artisanal, Gluten free, Lactose free &amp; Vegan Friendly","publisher":{"@id":"https:\/\/joygfbakery.com\/#organization"},"potentialAction":[{"@type":"SearchAction","target":{"@type":"EntryPoint","urlTemplate":"https:\/\/joygfbakery.com\/?s={search_term_string}"},"query-input":{"@type":"PropertyValueSpecification","valueRequired":true,"valueName":"search_term_string"}}],"inLanguage":"fr-FR"},{"@type":"Organization","@id":"https:\/\/joygfbakery.com\/#organization","name":"Joy Glutenfree Bakery","url":"https:\/\/joygfbakery.com\/","logo":{"@type":"ImageObject","inLanguage":"fr-FR","@id":"https:\/\/joygfbakery.com\/#\/schema\/logo\/image\/","url":"https:\/\/joygfbakery.com\/wp-content\/uploads\/2024\/10\/cropped-LOGO-JOY-BAKERY.png","contentUrl":"https:\/\/joygfbakery.com\/wp-content\/uploads\/2024\/10\/cropped-LOGO-JOY-BAKERY.png","width":999,"height":999,"caption":"Joy Glutenfree Bakery"},"image":{"@id":"https:\/\/joygfbakery.com\/#\/schema\/logo\/image\/"}}]}},"_links":{"self":[{"href":"https:\/\/joygfbakery.com\/fr\/wp-json\/wp\/v2\/pages\/12134","targetHints":{"allow":["GET"]}}],"collection":[{"href":"https:\/\/joygfbakery.com\/fr\/wp-json\/wp\/v2\/pages"}],"about":[{"href":"https:\/\/joygfbakery.com\/fr\/wp-json\/wp\/v2\/types\/page"}],"author":[{"embeddable":true,"href":"https:\/\/joygfbakery.com\/fr\/wp-json\/wp\/v2\/users\/1"}],"replies":[{"embeddable":true,"href":"https:\/\/joygfbakery.com\/fr\/wp-json\/wp\/v2\/comments?post=12134"}],"version-history":[{"count":38,"href":"https:\/\/joygfbakery.com\/fr\/wp-json\/wp\/v2\/pages\/12134\/revisions"}],"predecessor-version":[{"id":13562,"href":"https:\/\/joygfbakery.com\/fr\/wp-json\/wp\/v2\/pages\/12134\/revisions\/13562"}],"wp:attachment":[{"href":"https:\/\/joygfbakery.com\/fr\/wp-json\/wp\/v2\/media?parent=12134"}],"curies":[{"name":"wp","href":"https:\/\/api.w.org\/{rel}","templated":true}]}}