{"id":12128,"date":"2021-11-10T09:52:09","date_gmt":"2021-11-10T09:52:09","guid":{"rendered":"https:\/\/joygfbakery.com\/contactez-nous\/"},"modified":"2025-07-24T14:05:57","modified_gmt":"2025-07-24T14:05:57","slug":"contactez-nous","status":"publish","type":"page","link":"https:\/\/joygfbakery.com\/fr\/contactez-nous\/","title":{"rendered":"Contact"},"content":{"rendered":"\t\t<div data-elementor-type=\"wp-page\" data-elementor-id=\"12128\" class=\"elementor elementor-12128 elementor-7965\" data-elementor-post-type=\"page\">\n\t\t\t\t\t\t<div class=\"elementor-section elementor-top-section elementor-element elementor-element-fe24619 elementor-section-height-min-height elementor-section-stretched elementor-section-boxed elementor-section-height-default elementor-section-items-middle\" data-id=\"fe24619\" data-element_type=\"section\" data-settings=\"{&quot;stretch_section&quot;:&quot;section-stretched&quot;,&quot;background_background&quot;:&quot;classic&quot;}\">\n\t\t\t\t\t\t\t<div class=\"elementor-background-overlay\"><\/div>\n\t\t\t\t\t\t\t<div class=\"elementor-container elementor-column-gap-no\">\n\t\t\t\t\t<div class=\"elementor-column elementor-col-100 elementor-top-column elementor-element elementor-element-3df717e\" data-id=\"3df717e\" data-element_type=\"column\">\n\t\t\t<div class=\"elementor-widget-wrap\">\n\t\t\t\t\t\t\t<\/div>\n\t\t<\/div>\n\t\t\t\t\t<\/div>\n\t\t<\/div>\n\t\t\t\t<div class=\"elementor-section elementor-top-section elementor-element elementor-element-ceabf60 elementor-section-stretched elementor-section-boxed elementor-section-height-default elementor-section-height-default\" data-id=\"ceabf60\" data-element_type=\"section\" data-settings=\"{&quot;stretch_section&quot;:&quot;section-stretched&quot;,&quot;background_background&quot;:&quot;classic&quot;}\">\n\t\t\t\t\t\t<div class=\"elementor-container elementor-column-gap-no\">\n\t\t\t\t\t<div class=\"elementor-column elementor-col-100 elementor-top-column elementor-element elementor-element-7f3760a\" data-id=\"7f3760a\" data-element_type=\"column\">\n\t\t\t<div class=\"elementor-widget-wrap elementor-element-populated\">\n\t\t\t\t\t\t<div class=\"elementor-element elementor-element-0b4f5f7 elementor-widget elementor-widget-heading\" data-id=\"0b4f5f7\" data-element_type=\"widget\" data-widget_type=\"heading.default\">\n\t\t\t\t<div class=\"elementor-widget-container\">\n\t\t\t\t\t<h4 class=\"elementor-heading-title elementor-size-default\">CONTACTEZ-MOI<\/h4>\t\t\t\t<\/div>\n\t\t\t\t<\/div>\n\t\t\t\t<div class=\"elementor-element elementor-element-4e853c7 elementor-widget__width-initial elementor-widget elementor-widget-heading\" data-id=\"4e853c7\" data-element_type=\"widget\" data-widget_type=\"heading.default\">\n\t\t\t\t<div class=\"elementor-widget-container\">\n\t\t\t\t\t<h2 class=\"elementor-heading-title elementor-size-default\">Comment fonctionne Joy ?<\/h2>\t\t\t\t<\/div>\n\t\t\t\t<\/div>\n\t\t\t\t<div class=\"elementor-element elementor-element-ec02735 elementor-widget__width-inherit elementor-widget elementor-widget-text-editor\" data-id=\"ec02735\" data-element_type=\"widget\" data-widget_type=\"text-editor.default\">\n\t\t\t\t<div class=\"elementor-widget-container\">\n\t\t\t\t\t\t\t\t\t<p>Je produis de mani\u00e8re artisanale et uniquement sur commande, afin d&rsquo;\u00e9viter tout gaspillage (\u00e9lectricit\u00e9, mati\u00e8res premi\u00e8res et produits finis).<\/p>\n<p><strong>Mes gourmandises sont donc fra\u00eechement pr\u00e9par\u00e9es par mes soins, sp\u00e9cialement pour vous ; <br \/>. C&rsquo;est pourquoi je demande un minimum de commande de 28\u20ac.<br \/><\/strong><span style=\"color: var( --e-global-color-text );\">Vous pouvez retirer vos friandises \u00e0 mon labo ou les faire livrer, les deux sur rendez-vous.<\/span><\/p>\n\t\t\t\t\t\t\t\t<\/div>\n\t\t\t\t<\/div>\n\t\t\t\t<div class=\"elementor-element elementor-element-1ea45e0 elementor-widget__width-inherit elementor-widget elementor-widget-text-editor\" data-id=\"1ea45e0\" data-element_type=\"widget\" data-widget_type=\"text-editor.default\">\n\t\t\t\t<div class=\"elementor-widget-container\">\n\t\t\t\t\t\t\t\t\t<p><strong>Pour une demande sp\u00e9ciale, veuillez me contacter \u00e0 l&rsquo;adresse suivante : joygfbakery@gmail.com<\/strong><\/p>\n\t\t\t\t\t\t\t\t<\/div>\n\t\t\t\t<\/div>\n\t\t\t\t\t<\/div>\n\t\t<\/div>\n\t\t\t\t\t<\/div>\n\t\t<\/div>\n\t\t\t\t<div class=\"elementor-section elementor-top-section elementor-element elementor-element-0349eb4 elementor-section-full_width elementor-section-stretched elementor-section-height-default elementor-section-height-default\" data-id=\"0349eb4\" data-element_type=\"section\" data-settings=\"{&quot;stretch_section&quot;:&quot;section-stretched&quot;,&quot;background_background&quot;:&quot;classic&quot;}\">\n\t\t\t\t\t\t<div class=\"elementor-container elementor-column-gap-no\">\n\t\t\t\t\t<div class=\"elementor-column elementor-col-100 elementor-top-column elementor-element elementor-element-2c44dc3\" data-id=\"2c44dc3\" data-element_type=\"column\" data-settings=\"{&quot;background_background&quot;:&quot;classic&quot;}\">\n\t\t\t<div class=\"elementor-widget-wrap elementor-element-populated\">\n\t\t\t\t\t\t<div class=\"elementor-section elementor-inner-section elementor-element elementor-element-88a4408 elementor-section-boxed elementor-section-height-default elementor-section-height-default\" data-id=\"88a4408\" data-element_type=\"section\">\n\t\t\t\t\t\t<div class=\"elementor-container elementor-column-gap-no\">\n\t\t\t\t\t<div class=\"elementor-column elementor-col-50 elementor-inner-column elementor-element elementor-element-00c572d\" data-id=\"00c572d\" data-element_type=\"column\">\n\t\t\t<div class=\"elementor-widget-wrap elementor-element-populated\">\n\t\t\t\t\t\t<div class=\"elementor-element elementor-element-4a6141f elementor-widget elementor-widget-image\" data-id=\"4a6141f\" data-element_type=\"widget\" data-widget_type=\"image.default\">\n\t\t\t\t<div class=\"elementor-widget-container\">\n\t\t\t\t\t\t\t\t\t\t\t\t\t\t\t<img fetchpriority=\"high\" decoding=\"async\" width=\"1500\" height=\"1000\" src=\"https:\/\/joygfbakery.com\/wp-content\/uploads\/2024\/12\/joy-bakery-2.jpg\" class=\"elementor-animation-bob attachment-full size-full wp-image-12383\" alt=\"\" srcset=\"https:\/\/joygfbakery.com\/wp-content\/uploads\/2024\/12\/joy-bakery-2.jpg 1500w, https:\/\/joygfbakery.com\/wp-content\/uploads\/2024\/12\/joy-bakery-2-300x200.jpg 300w, https:\/\/joygfbakery.com\/wp-content\/uploads\/2024\/12\/joy-bakery-2-1024x683.jpg 1024w, https:\/\/joygfbakery.com\/wp-content\/uploads\/2024\/12\/joy-bakery-2-768x512.jpg 768w, https:\/\/joygfbakery.com\/wp-content\/uploads\/2024\/12\/joy-bakery-2-630x420.jpg 630w, https:\/\/joygfbakery.com\/wp-content\/uploads\/2024\/12\/joy-bakery-2-450x300.jpg 450w, https:\/\/joygfbakery.com\/wp-content\/uploads\/2024\/12\/joy-bakery-2-800x533.jpg 800w, https:\/\/joygfbakery.com\/wp-content\/uploads\/2024\/12\/joy-bakery-2-64x43.jpg 64w\" sizes=\"(max-width: 1500px) 100vw, 1500px\" \/>\t\t\t\t\t\t\t\t\t\t\t\t\t\t\t<\/div>\n\t\t\t\t<\/div>\n\t\t\t\t<div class=\"elementor-element elementor-element-ba7aeeb elementor-widget elementor-widget-heading\" data-id=\"ba7aeeb\" data-element_type=\"widget\" data-widget_type=\"heading.default\">\n\t\t\t\t<div class=\"elementor-widget-container\">\n\t\t\t\t\t<h2 class=\"elementor-heading-title elementor-size-default\">Click &amp; collect<\/h2>\t\t\t\t<\/div>\n\t\t\t\t<\/div>\n\t\t\t\t<div class=\"elementor-element elementor-element-9340a79 elementor-widget elementor-widget-text-editor\" data-id=\"9340a79\" data-element_type=\"widget\" data-widget_type=\"text-editor.default\">\n\t\t\t\t<div class=\"elementor-widget-container\">\n\t\t\t\t\t\t\t\t\t<p>Rue Philippe Le Bon, 1000 Bruxelles. 5 minutes \u00e0 pied du MM Maalbeek et Schuman<\/p>\t\t\t\t\t\t\t\t<\/div>\n\t\t\t\t<\/div>\n\t\t\t\t<div class=\"elementor-element elementor-element-43baa6d elementor-widget elementor-widget-heading\" data-id=\"43baa6d\" data-element_type=\"widget\" data-widget_type=\"heading.default\">\n\t\t\t\t<div class=\"elementor-widget-container\">\n\t\t\t\t\t<h2 class=\"elementor-heading-title elementor-size-default\">Uniquement sur rendez-vous<\/h2>\t\t\t\t<\/div>\n\t\t\t\t<\/div>\n\t\t\t\t<div class=\"elementor-element elementor-element-aafc16f elementor-widget elementor-widget-text-editor\" data-id=\"aafc16f\" data-element_type=\"widget\" data-widget_type=\"text-editor.default\">\n\t\t\t\t<div class=\"elementor-widget-container\">\n\t\t\t\t\t\t\t\t\t<p>Vendredi : 16-19<br \/>Samedi : 10-13<br \/>Dimanche 10-12.30<\/p>\t\t\t\t\t\t\t\t<\/div>\n\t\t\t\t<\/div>\n\t\t\t\t\t<\/div>\n\t\t<\/div>\n\t\t\t\t<div class=\"elementor-column elementor-col-50 elementor-inner-column elementor-element elementor-element-6bd1128\" data-id=\"6bd1128\" data-element_type=\"column\">\n\t\t\t<div class=\"elementor-widget-wrap elementor-element-populated\">\n\t\t\t\t\t\t<div class=\"elementor-element elementor-element-2ddcbc0 elementor-widget elementor-widget-image\" data-id=\"2ddcbc0\" data-element_type=\"widget\" data-widget_type=\"image.default\">\n\t\t\t\t<div class=\"elementor-widget-container\">\n\t\t\t\t\t\t\t\t\t\t\t\t\t\t\t<img decoding=\"async\" width=\"996\" height=\"662\" src=\"https:\/\/joygfbakery.com\/wp-content\/uploads\/2024\/12\/woman-charging-electro-car-electric-gas-station_1303-14665.jpg\" class=\"elementor-animation-bob attachment-full size-full wp-image-12385\" alt=\"\" srcset=\"https:\/\/joygfbakery.com\/wp-content\/uploads\/2024\/12\/woman-charging-electro-car-electric-gas-station_1303-14665.jpg 996w, https:\/\/joygfbakery.com\/wp-content\/uploads\/2024\/12\/woman-charging-electro-car-electric-gas-station_1303-14665-300x199.jpg 300w, https:\/\/joygfbakery.com\/wp-content\/uploads\/2024\/12\/woman-charging-electro-car-electric-gas-station_1303-14665-768x510.jpg 768w, https:\/\/joygfbakery.com\/wp-content\/uploads\/2024\/12\/woman-charging-electro-car-electric-gas-station_1303-14665-630x419.jpg 630w, https:\/\/joygfbakery.com\/wp-content\/uploads\/2024\/12\/woman-charging-electro-car-electric-gas-station_1303-14665-450x299.jpg 450w, https:\/\/joygfbakery.com\/wp-content\/uploads\/2024\/12\/woman-charging-electro-car-electric-gas-station_1303-14665-800x532.jpg 800w, https:\/\/joygfbakery.com\/wp-content\/uploads\/2024\/12\/woman-charging-electro-car-electric-gas-station_1303-14665-64x43.jpg 64w\" sizes=\"(max-width: 996px) 100vw, 996px\" \/>\t\t\t\t\t\t\t\t\t\t\t\t\t\t\t<\/div>\n\t\t\t\t<\/div>\n\t\t\t\t<div class=\"elementor-element elementor-element-56d4c50 elementor-widget elementor-widget-heading\" data-id=\"56d4c50\" data-element_type=\"widget\" data-widget_type=\"heading.default\">\n\t\t\t\t<div class=\"elementor-widget-container\">\n\t\t\t\t\t<h2 class=\"elementor-heading-title elementor-size-default\">Livraison<\/h2>\t\t\t\t<\/div>\n\t\t\t\t<\/div>\n\t\t\t\t<div class=\"elementor-element elementor-element-a1d1dc6 elementor-widget elementor-widget-text-editor\" data-id=\"a1d1dc6\" data-element_type=\"widget\" data-widget_type=\"text-editor.default\">\n\t\t\t\t<div class=\"elementor-widget-container\">\n\t\t\t\t\t\t\t\t\t<p>Bruxelles et ses environs (+\/- 10 km)<\/p>\n\t\t\t\t\t\t\t\t<\/div>\n\t\t\t\t<\/div>\n\t\t\t\t<div class=\"elementor-element elementor-element-f813fdb elementor-widget elementor-widget-heading\" data-id=\"f813fdb\" data-element_type=\"widget\" data-widget_type=\"heading.default\">\n\t\t\t\t<div class=\"elementor-widget-container\">\n\t\t\t\t\t<h2 class=\"elementor-heading-title elementor-size-default\">Livraisons en dehors de Bruxelles<br>possible sur devis<\/h2>\t\t\t\t<\/div>\n\t\t\t\t<\/div>\n\t\t\t\t<div class=\"elementor-element elementor-element-b1845dd elementor-widget elementor-widget-text-editor\" data-id=\"b1845dd\" data-element_type=\"widget\" data-widget_type=\"text-editor.default\">\n\t\t\t\t<div class=\"elementor-widget-container\">\n\t\t\t\t\t\t\t\t\t<p>Samedi : 10-13<\/p>\t\t\t\t\t\t\t\t<\/div>\n\t\t\t\t<\/div>\n\t\t\t\t<div class=\"elementor-element elementor-element-59b9b22 elementor-widget elementor-widget-text-editor\" data-id=\"59b9b22\" data-element_type=\"widget\" data-widget_type=\"text-editor.default\">\n\t\t\t\t<div class=\"elementor-widget-container\">\n\t\t\t\t\t\t\t\t\t<p>Dimanche : 10-12.30<\/p>\t\t\t\t\t\t\t\t<\/div>\n\t\t\t\t<\/div>\n\t\t\t\t\t<\/div>\n\t\t<\/div>\n\t\t\t\t\t<\/div>\n\t\t<\/div>\n\t\t\t\t\t<\/div>\n\t\t<\/div>\n\t\t\t\t\t<\/div>\n\t\t<\/div>\n\t\t\t\t<div class=\"elementor-section elementor-top-section elementor-element elementor-element-acdd72d elementor-section-stretched elementor-section-boxed elementor-section-height-default elementor-section-height-default\" data-id=\"acdd72d\" data-element_type=\"section\" data-settings=\"{&quot;stretch_section&quot;:&quot;section-stretched&quot;,&quot;background_background&quot;:&quot;classic&quot;}\">\n\t\t\t\t\t\t<div class=\"elementor-container elementor-column-gap-no\">\n\t\t\t\t\t<div class=\"elementor-column elementor-col-100 elementor-top-column elementor-element elementor-element-91f867f\" data-id=\"91f867f\" data-element_type=\"column\">\n\t\t\t<div class=\"elementor-widget-wrap elementor-element-populated\">\n\t\t\t\t\t\t<div class=\"elementor-element elementor-element-ea51a34 elementor-widget__width-initial elementor-widget elementor-widget-text-editor\" data-id=\"ea51a34\" data-element_type=\"widget\" data-widget_type=\"text-editor.default\">\n\t\t\t\t<div class=\"elementor-widget-container\">\n\t\t\t\t\t\t\t\t\t<p><strong>Certains produits peuvent \u00eatre exp\u00e9di\u00e9s par Bpost dans toute la Belgique, les Pays-Bas, la France, le Luxembourg et l&rsquo;Allemagne. V\u00e9rifiez sur les pages des produits sp\u00e9cifiques Pour une demande sp\u00e9ciale, veuillez me contacter \u00e0 joygfbakery@gmail.com <\/strong><\/p>\n\t\t\t\t\t\t\t\t<\/div>\n\t\t\t\t<\/div>\n\t\t\t\t\t<\/div>\n\t\t<\/div>\n\t\t\t\t\t<\/div>\n\t\t<\/div>\n\t\t\t\t<div class=\"elementor-section elementor-top-section elementor-element elementor-element-e2a89a4 elementor-section-stretched elementor-section-boxed elementor-section-height-default elementor-section-height-default\" data-id=\"e2a89a4\" data-element_type=\"section\" data-settings=\"{&quot;stretch_section&quot;:&quot;section-stretched&quot;,&quot;background_background&quot;:&quot;classic&quot;}\">\n\t\t\t\t\t\t<div class=\"elementor-container elementor-column-gap-no\">\n\t\t\t\t\t<div class=\"elementor-column elementor-col-33 elementor-top-column elementor-element elementor-element-4569167\" data-id=\"4569167\" data-element_type=\"column\">\n\t\t\t<div class=\"elementor-widget-wrap elementor-element-populated\">\n\t\t\t\t\t\t<div class=\"elementor-element elementor-element-dcd67ef elementor-position-left elementor-widget-mobile__width-inherit elementor-widget__width-initial elementor-view-default elementor-mobile-position-top elementor-vertical-align-top elementor-widget elementor-widget-icon-box\" data-id=\"dcd67ef\" data-element_type=\"widget\" data-widget_type=\"icon-box.default\">\n\t\t\t\t<div class=\"elementor-widget-container\">\n\t\t\t\t\t\t\t<div class=\"elementor-icon-box-wrapper\">\n\n\t\t\t\t\t\t<div class=\"elementor-icon-box-icon\">\n\t\t\t\t<span  class=\"elementor-icon\">\n\t\t\t\t<i aria-hidden=\"true\" class=\"xocora-icon- xocora-icon-user\"><\/i>\t\t\t\t<\/span>\n\t\t\t<\/div>\n\t\t\t\n\t\t\t\t\t\t<div class=\"elementor-icon-box-content\">\n\n\t\t\t\t\t\t\t\t\t<h3 class=\"elementor-icon-box-title\">\n\t\t\t\t\t\t<span  >\n\t\t\t\t\t\t\tContact\t\t\t\t\t\t<\/span>\n\t\t\t\t\t<\/h3>\n\t\t\t\t\n\t\t\t\t\n\t\t\t<\/div>\n\t\t\t\n\t\t<\/div>\n\t\t\t\t\t\t<\/div>\n\t\t\t\t<\/div>\n\t\t\t\t\t<\/div>\n\t\t<\/div>\n\t\t\t\t<div class=\"elementor-column elementor-col-33 elementor-top-column elementor-element elementor-element-8493b83\" data-id=\"8493b83\" data-element_type=\"column\">\n\t\t\t<div class=\"elementor-widget-wrap elementor-element-populated\">\n\t\t\t\t\t\t\t<\/div>\n\t\t<\/div>\n\t\t\t\t<div class=\"elementor-column elementor-col-33 elementor-top-column elementor-element elementor-element-f1a9a71\" data-id=\"f1a9a71\" data-element_type=\"column\">\n\t\t\t<div class=\"elementor-widget-wrap elementor-element-populated\">\n\t\t\t\t\t\t<div class=\"elementor-element elementor-element-d8b74da elementor-position-left elementor-widget__width-initial elementor-widget-mobile__width-inherit elementor-view-default elementor-mobile-position-top elementor-vertical-align-top elementor-widget elementor-widget-icon-box\" data-id=\"d8b74da\" data-element_type=\"widget\" data-widget_type=\"icon-box.default\">\n\t\t\t\t<div class=\"elementor-widget-container\">\n\t\t\t\t\t\t\t<div class=\"elementor-icon-box-wrapper\">\n\n\t\t\t\t\t\t<div class=\"elementor-icon-box-icon\">\n\t\t\t\t<span  class=\"elementor-icon\">\n\t\t\t\t<i aria-hidden=\"true\" class=\"xocora-icon- xocora-icon-envelope\"><\/i>\t\t\t\t<\/span>\n\t\t\t<\/div>\n\t\t\t\n\t\t\t\t\t\t<div class=\"elementor-icon-box-content\">\n\n\t\t\t\t\t\t\t\t\t<h3 class=\"elementor-icon-box-title\">\n\t\t\t\t\t\t<span  >\n\t\t\t\t\t\t\tCourriel\t\t\t\t\t\t<\/span>\n\t\t\t\t\t<\/h3>\n\t\t\t\t\n\t\t\t\t\t\t\t\t\t<p class=\"elementor-icon-box-description\">\n\t\t\t\t\t\tjoygfbakery@gmail.com\t\t\t\t\t<\/p>\n\t\t\t\t\n\t\t\t<\/div>\n\t\t\t\n\t\t<\/div>\n\t\t\t\t\t\t<\/div>\n\t\t\t\t<\/div>\n\t\t\t\t\t<\/div>\n\t\t<\/div>\n\t\t\t\t\t<\/div>\n\t\t<\/div>\n\t\t\t\t<\/div>\n\t\t","protected":false},"excerpt":{"rendered":"<p>CONTACTEZ-MOI Comment fonctionne Joy ? Je produis de mani\u00e8re artisanale et uniquement sur commande, afin d&rsquo;\u00e9viter tout gaspillage (\u00e9lectricit\u00e9, mati\u00e8res premi\u00e8res et produits finis). Mes gourmandises sont donc fra\u00eechement pr\u00e9par\u00e9es par mes soins, sp\u00e9cialement pour vous ; . C&rsquo;est pourquoi je demande un minimum de commande de 28\u20ac.Vous pouvez retirer vos friandises \u00e0 mon labo [&hellip;]<\/p>\n","protected":false},"author":1,"featured_media":0,"parent":0,"menu_order":0,"comment_status":"closed","ping_status":"closed","template":"template-homepage.php","meta":{"footnotes":""},"class_list":["post-12128","page","type-page","status-publish","hentry"],"yoast_head":"<!-- This site is optimized with the Yoast SEO plugin v24.6 - https:\/\/yoast.com\/wordpress\/plugins\/seo\/ -->\n<title>Contact - darkoct02<\/title>\n<meta name=\"robots\" content=\"index, follow, max-snippet:-1, max-image-preview:large, max-video-preview:-1\" \/>\n<link rel=\"canonical\" href=\"https:\/\/joygfbakery.com\/contact-us\/\" \/>\n<meta property=\"og:locale\" content=\"fr_FR\" \/>\n<meta property=\"og:type\" content=\"article\" \/>\n<meta property=\"og:title\" content=\"Contact - darkoct02\" \/>\n<meta property=\"og:description\" content=\"CONTACTEZ-MOI Comment fonctionne Joy ? Je produis de mani\u00e8re artisanale et uniquement sur commande, afin d&rsquo;\u00e9viter tout gaspillage (\u00e9lectricit\u00e9, mati\u00e8res premi\u00e8res et produits finis). Mes gourmandises sont donc fra\u00eechement pr\u00e9par\u00e9es par mes soins, sp\u00e9cialement pour vous ; . C&rsquo;est pourquoi je demande un minimum de commande de 28\u20ac.Vous pouvez retirer vos friandises \u00e0 mon labo [&hellip;]\" \/>\n<meta property=\"og:url\" content=\"https:\/\/joygfbakery.com\/contact-us\/\" \/>\n<meta property=\"og:site_name\" content=\"darkoct02\" \/>\n<meta property=\"article:modified_time\" content=\"2025-07-24T14:05:57+00:00\" \/>\n<meta property=\"og:image\" content=\"https:\/\/joygfbakery.com\/wp-content\/uploads\/2024\/12\/joy-bakery-2.jpg\" \/>\n\t<meta property=\"og:image:width\" content=\"1500\" \/>\n\t<meta property=\"og:image:height\" content=\"1000\" \/>\n\t<meta property=\"og:image:type\" content=\"image\/jpeg\" \/>\n<meta name=\"twitter:card\" content=\"summary_large_image\" \/>\n<meta name=\"twitter:label1\" content=\"Dur\u00e9e de lecture estim\u00e9e\" \/>\n\t<meta name=\"twitter:data1\" content=\"2 minutes\" \/>\n<script type=\"application\/ld+json\" class=\"yoast-schema-graph\">{\"@context\":\"https:\/\/schema.org\",\"@graph\":[{\"@type\":\"WebPage\",\"@id\":\"https:\/\/joygfbakery.com\/contact-us\/\",\"url\":\"https:\/\/joygfbakery.com\/contact-us\/\",\"name\":\"Contact - darkoct02\",\"isPartOf\":{\"@id\":\"https:\/\/joygfbakery.com\/#website\"},\"primaryImageOfPage\":{\"@id\":\"https:\/\/joygfbakery.com\/contact-us\/#primaryimage\"},\"image\":{\"@id\":\"https:\/\/joygfbakery.com\/contact-us\/#primaryimage\"},\"thumbnailUrl\":\"https:\/\/joygfbakery.com\/wp-content\/uploads\/2024\/12\/joy-bakery-2.jpg\",\"datePublished\":\"2021-11-10T09:52:09+00:00\",\"dateModified\":\"2025-07-24T14:05:57+00:00\",\"breadcrumb\":{\"@id\":\"https:\/\/joygfbakery.com\/contact-us\/#breadcrumb\"},\"inLanguage\":\"fr-FR\",\"potentialAction\":[{\"@type\":\"ReadAction\",\"target\":[\"https:\/\/joygfbakery.com\/contact-us\/\"]}]},{\"@type\":\"ImageObject\",\"inLanguage\":\"fr-FR\",\"@id\":\"https:\/\/joygfbakery.com\/contact-us\/#primaryimage\",\"url\":\"https:\/\/joygfbakery.com\/wp-content\/uploads\/2024\/12\/joy-bakery-2.jpg\",\"contentUrl\":\"https:\/\/joygfbakery.com\/wp-content\/uploads\/2024\/12\/joy-bakery-2.jpg\"},{\"@type\":\"BreadcrumbList\",\"@id\":\"https:\/\/joygfbakery.com\/contact-us\/#breadcrumb\",\"itemListElement\":[{\"@type\":\"ListItem\",\"position\":1,\"name\":\"Home\",\"item\":\"https:\/\/joygfbakery.com\/\"},{\"@type\":\"ListItem\",\"position\":2,\"name\":\"Contact\"}]},{\"@type\":\"WebSite\",\"@id\":\"https:\/\/joygfbakery.com\/#website\",\"url\":\"https:\/\/joygfbakery.com\/\",\"name\":\"Joy Glutenfree Bakery\",\"description\":\"Artisanal, Gluten free, Lactose free &amp; Vegan Friendly\",\"publisher\":{\"@id\":\"https:\/\/joygfbakery.com\/#organization\"},\"potentialAction\":[{\"@type\":\"SearchAction\",\"target\":{\"@type\":\"EntryPoint\",\"urlTemplate\":\"https:\/\/joygfbakery.com\/?s={search_term_string}\"},\"query-input\":{\"@type\":\"PropertyValueSpecification\",\"valueRequired\":true,\"valueName\":\"search_term_string\"}}],\"inLanguage\":\"fr-FR\"},{\"@type\":\"Organization\",\"@id\":\"https:\/\/joygfbakery.com\/#organization\",\"name\":\"Joy Glutenfree Bakery\",\"url\":\"https:\/\/joygfbakery.com\/\",\"logo\":{\"@type\":\"ImageObject\",\"inLanguage\":\"fr-FR\",\"@id\":\"https:\/\/joygfbakery.com\/#\/schema\/logo\/image\/\",\"url\":\"https:\/\/joygfbakery.com\/wp-content\/uploads\/2024\/10\/cropped-LOGO-JOY-BAKERY.png\",\"contentUrl\":\"https:\/\/joygfbakery.com\/wp-content\/uploads\/2024\/10\/cropped-LOGO-JOY-BAKERY.png\",\"width\":999,\"height\":999,\"caption\":\"Joy Glutenfree Bakery\"},\"image\":{\"@id\":\"https:\/\/joygfbakery.com\/#\/schema\/logo\/image\/\"}}]}<\/script>\n<!-- \/ Yoast SEO plugin. -->","yoast_head_json":{"title":"Contact - darkoct02","robots":{"index":"index","follow":"follow","max-snippet":"max-snippet:-1","max-image-preview":"max-image-preview:large","max-video-preview":"max-video-preview:-1"},"canonical":"https:\/\/joygfbakery.com\/contact-us\/","og_locale":"fr_FR","og_type":"article","og_title":"Contact - darkoct02","og_description":"CONTACTEZ-MOI Comment fonctionne Joy ? Je produis de mani\u00e8re artisanale et uniquement sur commande, afin d&rsquo;\u00e9viter tout gaspillage (\u00e9lectricit\u00e9, mati\u00e8res premi\u00e8res et produits finis). Mes gourmandises sont donc fra\u00eechement pr\u00e9par\u00e9es par mes soins, sp\u00e9cialement pour vous ; . C&rsquo;est pourquoi je demande un minimum de commande de 28\u20ac.Vous pouvez retirer vos friandises \u00e0 mon labo [&hellip;]","og_url":"https:\/\/joygfbakery.com\/contact-us\/","og_site_name":"darkoct02","article_modified_time":"2025-07-24T14:05:57+00:00","og_image":[{"width":1500,"height":1000,"url":"https:\/\/joygfbakery.com\/wp-content\/uploads\/2024\/12\/joy-bakery-2.jpg","type":"image\/jpeg"}],"twitter_card":"summary_large_image","twitter_misc":{"Dur\u00e9e de lecture estim\u00e9e":"2 minutes"},"schema":{"@context":"https:\/\/schema.org","@graph":[{"@type":"WebPage","@id":"https:\/\/joygfbakery.com\/contact-us\/","url":"https:\/\/joygfbakery.com\/contact-us\/","name":"Contact - darkoct02","isPartOf":{"@id":"https:\/\/joygfbakery.com\/#website"},"primaryImageOfPage":{"@id":"https:\/\/joygfbakery.com\/contact-us\/#primaryimage"},"image":{"@id":"https:\/\/joygfbakery.com\/contact-us\/#primaryimage"},"thumbnailUrl":"https:\/\/joygfbakery.com\/wp-content\/uploads\/2024\/12\/joy-bakery-2.jpg","datePublished":"2021-11-10T09:52:09+00:00","dateModified":"2025-07-24T14:05:57+00:00","breadcrumb":{"@id":"https:\/\/joygfbakery.com\/contact-us\/#breadcrumb"},"inLanguage":"fr-FR","potentialAction":[{"@type":"ReadAction","target":["https:\/\/joygfbakery.com\/contact-us\/"]}]},{"@type":"ImageObject","inLanguage":"fr-FR","@id":"https:\/\/joygfbakery.com\/contact-us\/#primaryimage","url":"https:\/\/joygfbakery.com\/wp-content\/uploads\/2024\/12\/joy-bakery-2.jpg","contentUrl":"https:\/\/joygfbakery.com\/wp-content\/uploads\/2024\/12\/joy-bakery-2.jpg"},{"@type":"BreadcrumbList","@id":"https:\/\/joygfbakery.com\/contact-us\/#breadcrumb","itemListElement":[{"@type":"ListItem","position":1,"name":"Home","item":"https:\/\/joygfbakery.com\/"},{"@type":"ListItem","position":2,"name":"Contact"}]},{"@type":"WebSite","@id":"https:\/\/joygfbakery.com\/#website","url":"https:\/\/joygfbakery.com\/","name":"Joy Glutenfree Bakery","description":"Artisanal, Gluten free, Lactose free &amp; Vegan Friendly","publisher":{"@id":"https:\/\/joygfbakery.com\/#organization"},"potentialAction":[{"@type":"SearchAction","target":{"@type":"EntryPoint","urlTemplate":"https:\/\/joygfbakery.com\/?s={search_term_string}"},"query-input":{"@type":"PropertyValueSpecification","valueRequired":true,"valueName":"search_term_string"}}],"inLanguage":"fr-FR"},{"@type":"Organization","@id":"https:\/\/joygfbakery.com\/#organization","name":"Joy Glutenfree Bakery","url":"https:\/\/joygfbakery.com\/","logo":{"@type":"ImageObject","inLanguage":"fr-FR","@id":"https:\/\/joygfbakery.com\/#\/schema\/logo\/image\/","url":"https:\/\/joygfbakery.com\/wp-content\/uploads\/2024\/10\/cropped-LOGO-JOY-BAKERY.png","contentUrl":"https:\/\/joygfbakery.com\/wp-content\/uploads\/2024\/10\/cropped-LOGO-JOY-BAKERY.png","width":999,"height":999,"caption":"Joy Glutenfree Bakery"},"image":{"@id":"https:\/\/joygfbakery.com\/#\/schema\/logo\/image\/"}}]}},"_links":{"self":[{"href":"https:\/\/joygfbakery.com\/fr\/wp-json\/wp\/v2\/pages\/12128","targetHints":{"allow":["GET"]}}],"collection":[{"href":"https:\/\/joygfbakery.com\/fr\/wp-json\/wp\/v2\/pages"}],"about":[{"href":"https:\/\/joygfbakery.com\/fr\/wp-json\/wp\/v2\/types\/page"}],"author":[{"embeddable":true,"href":"https:\/\/joygfbakery.com\/fr\/wp-json\/wp\/v2\/users\/1"}],"replies":[{"embeddable":true,"href":"https:\/\/joygfbakery.com\/fr\/wp-json\/wp\/v2\/comments?post=12128"}],"version-history":[{"count":41,"href":"https:\/\/joygfbakery.com\/fr\/wp-json\/wp\/v2\/pages\/12128\/revisions"}],"predecessor-version":[{"id":13943,"href":"https:\/\/joygfbakery.com\/fr\/wp-json\/wp\/v2\/pages\/12128\/revisions\/13943"}],"wp:attachment":[{"href":"https:\/\/joygfbakery.com\/fr\/wp-json\/wp\/v2\/media?parent=12128"}],"curies":[{"name":"wp","href":"https:\/\/api.w.org\/{rel}","templated":true}]}}